{"id":506,"date":"2024-02-15T11:04:47","date_gmt":"2024-02-15T10:04:47","guid":{"rendered":"https:\/\/docnet24.com\/?page_id=506"},"modified":"2024-02-15T19:16:48","modified_gmt":"2024-02-15T18:16:48","slug":"privacy-policy","status":"publish","type":"page","link":"https:\/\/docnet24.com\/de\/datenschutzerklarung\/","title":{"rendered":"Datenschutzerkl\u00e4rung"},"content":{"rendered":"<div data-elementor-type=\"wp-page\" data-elementor-id=\"506\" class=\"elementor elementor-506\" data-elementor-settings=\"{&quot;element_pack_global_tooltip_width&quot;:{&quot;unit&quot;:&quot;px&quot;,&quot;size&quot;:&quot;&quot;,&quot;sizes&quot;:[]},&quot;element_pack_global_tooltip_width_tablet&quot;:{&quot;unit&quot;:&quot;px&quot;,&quot;size&quot;:&quot;&quot;,&quot;sizes&quot;:[]},&quot;element_pack_global_tooltip_width_mobile&quot;:{&quot;unit&quot;:&quot;px&quot;,&quot;size&quot;:&quot;&quot;,&quot;sizes&quot;:[]},&quot;element_pack_global_tooltip_padding&quot;:{&quot;unit&quot;:&quot;px&quot;,&quot;top&quot;:&quot;&quot;,&quot;right&quot;:&quot;&quot;,&quot;bottom&quot;:&quot;&quot;,&quot;left&quot;:&quot;&quot;,&quot;isLinked&quot;:true},&quot;element_pack_global_tooltip_padding_tablet&quot;:{&quot;unit&quot;:&quot;px&quot;,&quot;top&quot;:&quot;&quot;,&quot;right&quot;:&quot;&quot;,&quot;bottom&quot;:&quot;&quot;,&quot;left&quot;:&quot;&quot;,&quot;isLinked&quot;:true},&quot;element_pack_global_tooltip_padding_mobile&quot;:{&quot;unit&quot;:&quot;px&quot;,&quot;top&quot;:&quot;&quot;,&quot;right&quot;:&quot;&quot;,&quot;bottom&quot;:&quot;&quot;,&quot;left&quot;:&quot;&quot;,&quot;isLinked&quot;:true},&quot;element_pack_global_tooltip_border_radius&quot;:{&quot;unit&quot;:&quot;px&quot;,&quot;top&quot;:&quot;&quot;,&quot;right&quot;:&quot;&quot;,&quot;bottom&quot;:&quot;&quot;,&quot;left&quot;:&quot;&quot;,&quot;isLinked&quot;:true},&quot;element_pack_global_tooltip_border_radius_tablet&quot;:{&quot;unit&quot;:&quot;px&quot;,&quot;top&quot;:&quot;&quot;,&quot;right&quot;:&quot;&quot;,&quot;bottom&quot;:&quot;&quot;,&quot;left&quot;:&quot;&quot;,&quot;isLinked&quot;:true},&quot;element_pack_global_tooltip_border_radius_mobile&quot;:{&quot;unit&quot;:&quot;px&quot;,&quot;top&quot;:&quot;&quot;,&quot;right&quot;:&quot;&quot;,&quot;bottom&quot;:&quot;&quot;,&quot;left&quot;:&quot;&quot;,&quot;isLinked&quot;:true}}\" data-elementor-post-type=\"page\">\n\t\t\t\t\t\t<section class=\"elementor-section elementor-top-section elementor-element elementor-element-0dda566 elementor-section-content-top elementor-section-boxed elementor-section-height-default elementor-section-height-default\" data-id=\"0dda566\" data-element_type=\"section\" data-settings=\"{&quot;background_background&quot;:&quot;classic&quot;}\">\n\t\t\t\t\t\t\t<div class=\"elementor-background-overlay\"><\/div>\n\t\t\t\t\t\t\t<div class=\"elementor-container elementor-column-gap-no\">\n\t\t\t\t\t<div class=\"elementor-column elementor-col-100 elementor-top-column elementor-element elementor-element-c0f7f0e\" data-id=\"c0f7f0e\" data-element_type=\"column\">\n\t\t\t<div class=\"elementor-widget-wrap elementor-element-populated\">\n\t\t\t\t\t\t<div class=\"elementor-element elementor-element-00f6ceb elementor-widget elementor-widget-heading\" data-id=\"00f6ceb\" data-element_type=\"widget\" data-widget_type=\"heading.default\">\n\t\t\t\t<div class=\"elementor-widget-container\">\n\t\t\t\t\t<h2 class=\"elementor-heading-title elementor-size-default\">Datenschutzerkl\u00e4rung<\/h2>\t\t\t\t<\/div>\n\t\t\t\t<\/div>\n\t\t\t\t\t<\/div>\n\t\t<\/div>\n\t\t\t\t\t<\/div>\n\t\t<\/section>\n\t\t\t\t<section class=\"elementor-section elementor-top-section elementor-element elementor-element-29f70bd elementor-section-content-top elementor-section-boxed elementor-section-height-default elementor-section-height-default\" data-id=\"29f70bd\" data-element_type=\"section\" data-settings=\"{&quot;background_background&quot;:&quot;classic&quot;}\">\n\t\t\t\t\t\t\t<div class=\"elementor-background-overlay\"><\/div>\n\t\t\t\t\t\t\t<div class=\"elementor-container elementor-column-gap-no\">\n\t\t\t\t\t<div class=\"elementor-column elementor-col-100 elementor-top-column elementor-element elementor-element-7443bbf\" data-id=\"7443bbf\" data-element_type=\"column\">\n\t\t\t<div class=\"elementor-widget-wrap elementor-element-populated\">\n\t\t\t\t\t\t<div class=\"elementor-element elementor-element-5b4876c elementor-vertical-align-top elementor-widget elementor-widget-image-box\" data-id=\"5b4876c\" data-element_type=\"widget\" data-widget_type=\"image-box.default\">\n\t\t\t\t<div class=\"elementor-widget-container\">\n\t\t\t\t\t<div class=\"elementor-image-box-wrapper\"><div class=\"elementor-image-box-content\"><h3 class=\"elementor-image-box-title\">1. Datenschutz auf einen Blick<\/h3><p class=\"elementor-image-box-description\"><h5>Allgemeine Informationen<\/h5>\nDie folgenden Informationen geben einen einfachen \u00dcberblick dar\u00fcber, was mit Ihren personenbezogenen Daten geschieht, wenn Sie unsere Website besuchen. Personenbezogene Daten sind alle Daten, mit denen Sie pers\u00f6nlich identifiziert werden k\u00f6nnen. Ausf\u00fchrliche Informationen zum Thema Datenschutz finden Sie in unserer Datenschutzerkl\u00e4rung, die Sie unterhalb dieses Textes finden.<\/br>\n<\/br>\n<h5>Wer ist f\u00fcr die Datenerfassung auf dieser Website verantwortlich?<\/h5>\nDie Datenverarbeitung auf dieser Website erfolgt durch den Betreiber der Website. Deren Kontaktdaten finden Sie im Impressum dieser Website.<\/br>\n<\/br>\n<h5>Wie sammeln wir Ihre Daten?<\/h5>\nZum einen werden Ihre Daten erhoben, wenn Sie uns diese zur Verf\u00fcgung stellen. Dies k\u00f6nnen z. B. Daten sein, die Sie in ein Kontaktformular eingeben. Andere Daten werden automatisch von unseren IT-Systemen erfasst, wenn Sie die Website besuchen. Dabei handelt es sich in erster Linie um technische Daten (z.B. Internet-Browser, Betriebssystem oder Zeitpunkt des Seitenaufrufs). Diese Daten werden automatisch erfasst, sobald Sie unsere Website betreten.<\/br>\n<\/br>\n<h5>Wozu verwenden wir Ihre Daten?<\/h5>\nEin Teil der Daten wird erhoben, um die fehlerfreie Bereitstellung der Website zu gew\u00e4hrleisten. Andere Daten k\u00f6nnen verwendet werden, um Ihr Nutzerverhalten zu analysieren.<\/br>\n<\/br>\n<h5>Welche Rechte haben Sie in Bezug auf Ihre Daten?<\/h5>\nSie haben jederzeit das Recht, unentgeltlich Auskunft \u00fcber Herkunft, Empf\u00e4nger und Zweck Ihrer gespeicherten personenbezogenen Daten zu erhalten. Sie haben au\u00dferdem ein Recht, die Berichtigung, Sperrung oder L\u00f6schung dieser Daten zu verlangen. Wenn Sie weitere Fragen zum Thema Datenschutz haben, k\u00f6nnen Sie sich jederzeit an die im Impressum angegebene Adresse wenden. Sie haben auch das Recht, eine Beschwerde bei der zust\u00e4ndigen Aufsichtsbeh\u00f6rde einzureichen.<\/br>\n<\/br>\n<h5>Analysetools und Tools von Drittanbietern<\/h5>\nWenn Sie unsere Website besuchen, kann Ihr Surfverhalten statistisch ausgewertet werden. Dies geschieht vor allem mit Hilfe von Cookies und sogenannten Analyseprogrammen. Die Auswertung Ihres Surfverhaltens erfolgt in der Regel anonym; das Surfverhalten kann nicht auf Sie zur\u00fcckgef\u00fchrt werden. Sie k\u00f6nnen dieser Auswertung widersprechen oder sie verhindern, indem Sie bestimmte Tools nicht nutzen. Detaillierte Informationen hierzu finden Sie in der folgenden Datenschutzerkl\u00e4rung. Sie k\u00f6nnen dieser Auswertung widersprechen. Wir werden Sie in dieser Datenschutzerkl\u00e4rung \u00fcber die Widerspruchsm\u00f6glichkeiten informieren.<\/p><\/div><\/div>\t\t\t\t<\/div>\n\t\t\t\t<\/div>\n\t\t\t\t<div class=\"elementor-element elementor-element-ade08b8 elementor-vertical-align-top elementor-widget elementor-widget-image-box\" data-id=\"ade08b8\" data-element_type=\"widget\" data-widget_type=\"image-box.default\">\n\t\t\t\t<div class=\"elementor-widget-container\">\n\t\t\t\t\t<div class=\"elementor-image-box-wrapper\"><div class=\"elementor-image-box-content\"><h3 class=\"elementor-image-box-title\">2. Allgemeine Hinweise und Pflichtangaben<\/h3><p class=\"elementor-image-box-description\"><h5>Datenschutz<\/h5>\nDie Betreiber dieser Website nehmen den Schutz Ihrer pers\u00f6nlichen Daten sehr ernst. Wir behandeln Ihre personenbezogenen Daten vertraulich und entsprechend der gesetzlichen Datenschutzvorschriften sowie dieser Datenschutzerkl\u00e4rung. Wenn Sie diese Website nutzen, werden verschiedene personenbezogene Daten erhoben. Personenbezogene Daten sind Daten, mit denen Sie pers\u00f6nlich identifiziert werden k\u00f6nnen. Diese Datenschutzerkl\u00e4rung erl\u00e4utert, welche Daten wir sammeln und wof\u00fcr wir sie verwenden. Es wird auch erkl\u00e4rt, wie und zu welchem Zweck dies geschieht. Wir weisen darauf hin, dass die Daten\u00fcbertragung im Internet (z.B. bei der Kommunikation per E-Mail) Sicherheitsl\u00fccken aufweisen kann. Ein l\u00fcckenloser Schutz der Daten vor dem Zugriff durch Dritte ist nicht m\u00f6glich.<\/br>\n<\/br>\n<h5>Hinweis auf die zust\u00e4ndige Stelle<\/h5>\nDer f\u00fcr die Datenverarbeitung auf dieser Website Verantwortliche ist:<\/br>\nPraxisgemeinschaft<\/br>Dr.-med. Ileana Vogel<\/br>Dr.-Medizin. Anca Calciu<\/br>\nHattsteiner Allee 14A<\/br>\n61250 Usingen<\/br>\nTelefon: +49 (0) 176 626 45 791<\/br>\nE-Mail: info@docnet24.com<\/br>\nDer f\u00fcr die Verarbeitung Verantwortliche ist die nat\u00fcrliche oder juristische Person, die allein oder gemeinsam mit anderen \u00fcber die Zwecke und Mittel der Verarbeitung personenbezogener Daten (z. B. Namen, E-Mail-Adressen usw.) entscheidet.<\/br>\n<\/br>\n<h5>Widerruf der Zustimmung zur Datenverarbeitung<\/h5>\nViele Datenverarbeitungsvorg\u00e4nge sind nur mit Ihrer ausdr\u00fccklichen Zustimmung m\u00f6glich. Sie k\u00f6nnen Ihre Einwilligung jederzeit widerrufen. Dazu gen\u00fcgt eine formlose E-Mail an uns. Die Rechtm\u00e4\u00dfigkeit der bis zum Widerruf erfolgten Datenverarbeitung bleibt vom Widerruf unber\u00fchrt.<\/br>\n<\/br>\n<h5>Recht auf Einreichung einer Beschwerde bei der zust\u00e4ndigen Aufsichtsbeh\u00f6rde<\/h5>\nIm Falle von Verst\u00f6\u00dfen gegen das Datenschutzrecht hat die betroffene Person das Recht, sich bei der zust\u00e4ndigen Aufsichtsbeh\u00f6rde zu beschweren. Zust\u00e4ndige Aufsichtsbeh\u00f6rde in datenschutzrechtlichen Fragen ist der Landesdatenschutzbeauftragte des Bundeslandes, in dem unser Unternehmen seinen Sitz hat. Eine Liste der Datenschutzbeauftragten und deren Kontaktdaten finden Sie unter dem folgenden Link:\u00a0<a href=\"https:\/\/www.bfdi.bund.de\/DE\/Infothek\/Anschriften_Links\/anschriften_links- node.html\">https:\/\/www.bfdi.bund.de\/DE\/Infothek\/Anschriften_Links\/anschriften_links-node.html<\/a>.<\/br>\n<\/br>\n<h5>Recht auf Daten\u00fcbertragbarkeit<\/h5>\nSie haben das Recht, Daten, die wir aufgrund Ihrer Einwilligung oder in Erf\u00fcllung eines Vertrages automatisiert verarbeiten, an Sie oder an einen Dritten in einem g\u00e4ngigen, maschinenlesbaren Format aush\u00e4ndigen zu lassen. Wenn Sie die direkte \u00dcbermittlung der Daten an einen anderen f\u00fcr die Verarbeitung Verantwortlichen verlangen, erfolgt dies nur, wenn es technisch machbar ist.<\/br>\n<\/br>\n<h5>SSL- oder TLS-Verschl\u00fcsselung<\/h5>\nDiese Seite verwendet aus Sicherheitsgr\u00fcnden und zum Schutz der \u00dcbertragung vertraulicher Inhalte, wie z.B. Bestellungen oder Anfragen, die Sie an uns als Seitenbetreiber senden, eine SSL- oder TLS-Verschl\u00fcsselung. Eine verschl\u00fcsselte Verbindung erkennen Sie daran, dass die Adresszeile des Browsers von \"http:\/\/\" auf \"https:\/\/\" wechselt und an dem Schloss-Symbol in Ihrer Browserzeile. Wenn die SSL- oder TLS-Verschl\u00fcsselung aktiviert ist, k\u00f6nnen die Daten, die Sie an uns \u00fcbermitteln, nicht von Dritten gelesen werden.<\/br>\n<\/br>\n<h5>Information, Sperrung, L\u00f6schung<\/h5>\nSie haben im Rahmen der geltenden gesetzlichen Bestimmungen jederzeit das Recht auf unentgeltliche Auskunft \u00fcber Ihre gespeicherten personenbezogenen Daten, deren Herkunft und Empf\u00e4nger und den Zweck der Datenverarbeitung sowie ggf. ein Recht auf Berichtigung, Sperrung oder L\u00f6schung dieser Daten. Hierzu sowie zu weiteren Fragen zum Thema personenbezogene Daten k\u00f6nnen Sie sich jederzeit unter der im Impressum angegebenen Adresse an uns wenden.<\/p><\/div><\/div>\t\t\t\t<\/div>\n\t\t\t\t<\/div>\n\t\t\t\t<div class=\"elementor-element elementor-element-f28beb1 elementor-vertical-align-top elementor-widget elementor-widget-image-box\" data-id=\"f28beb1\" data-element_type=\"widget\" data-widget_type=\"image-box.default\">\n\t\t\t\t<div class=\"elementor-widget-container\">\n\t\t\t\t\t<div class=\"elementor-image-box-wrapper\"><div class=\"elementor-image-box-content\"><h3 class=\"elementor-image-box-title\">3. Datenerhebung auf unserer Website<\/h3><p class=\"elementor-image-box-description\"><h5>Cookies<\/h5>\nEinige der Websites verwenden so genannte Cookies. Cookies richten auf Ihrem Rechner keinen Schaden an und enthalten keine Viren. Cookies dienen dazu, unser Angebot nutzerfreundlicher, effektiver und sicherer zu machen. Cookies sind kleine Textdateien, die auf Ihrem Rechner abgelegt werden und die Ihr Browser speichert. Die meisten der von uns verwendeten Cookies sind so genannte \"Session-Cookies\". Sie werden nach Ende Ihres Besuchs automatisch gel\u00f6scht. Andere Cookies bleiben auf Ihrem Endger\u00e4t gespeichert, bis Sie diese l\u00f6schen. Diese Cookies erm\u00f6glichen es uns, Ihren Browser bei Ihrem n\u00e4chsten Besuch wiederzuerkennen. Sie k\u00f6nnen Ihren Browser so einstellen, dass Sie \u00fcber das Setzen von Cookies informiert werden und Cookies nur im Einzelfall erlauben, die Annahme von Cookies f\u00fcr bestimmte F\u00e4lle oder generell ausschlie\u00dfen sowie das automatische L\u00f6schen der Cookies beim Schlie\u00dfen des Browser aktivieren. Bei der Deaktivierung von Cookies kann die Funktionalit\u00e4t dieser Website eingeschr\u00e4nkt sein. Cookies, die zur Durchf\u00fchrung des elektronischen Kommunikationsvorgangs oder zur Bereitstellung bestimmter, von Ihnen gew\u00fcnschter Funktionen (z.B. Warenkorbfunktion) erforderlich sind, werden auf der Grundlage von Art. 6 Abs. 1 lit. f GDPR. Der Websitebetreiber hat ein berechtigtes Interesse an der Speicherung von Cookies, um seine Dienste technisch fehlerfrei und optimiert anbieten zu k\u00f6nnen. Sofern weitere Cookies (z.B. Cookies zur Analyse Ihres Surfverhaltens) gespeichert werden, werden diese in dieser Datenschutzerkl\u00e4rung gesondert behandelt.<\/br>\n<\/br>\n<h5>Server-Protokolldateien<\/h5>\nDer Provider der Seiten erhebt und speichert automatisch Informationen in so genannten Server Log Files, die Ihr Browser automatisch an uns \u00fcbermittelt. Dies sind:\n<\/br>\nBrowsertyp und Browserversion<\/br>\nVerwendetes Betriebssystem<\/br>\nReferrer URL<\/br>\nHostname des zugreifenden Computers\n<\/br>\nUhrzeit der Serveranfrage<\/br>\nIP-Adresse<\/br>\nEine Zusammenf\u00fchrung dieser Daten mit anderen Datenquellen wird nicht vorgenommen. <\/br>\nGrundlage f\u00fcr die Datenverarbeitung ist Artikel 6 Absatz 1 Buchstabe b DSGVO, der die Verarbeitung von Daten zur Erf\u00fcllung eines Vertrags oder vorvertraglicher Ma\u00dfnahmen erlaubt.\n\n<\/p><\/div><\/div>\t\t\t\t<\/div>\n\t\t\t\t<\/div>\n\t\t\t\t<div class=\"elementor-element elementor-element-8378d7a elementor-vertical-align-top elementor-widget elementor-widget-image-box\" data-id=\"8378d7a\" data-element_type=\"widget\" data-widget_type=\"image-box.default\">\n\t\t\t\t<div class=\"elementor-widget-container\">\n\t\t\t\t\t<div class=\"elementor-image-box-wrapper\"><div class=\"elementor-image-box-content\"><h3 class=\"elementor-image-box-title\">4. Plugins und Werkzeuge<\/h3><p class=\"elementor-image-box-description\"><h5>Google Maps<\/h5>\nDiese Website nutzt den Kartendienst Google Maps \u00fcber eine API. Anbieter ist die Google Inc. mit Sitz in 1600 Amphitheater Parkway, Mountain View, CA 94043, USA. Um die Funktionen von Google Maps nutzen zu k\u00f6nnen, ist es notwendig, Ihre IP-Adresse zu speichern. Diese Informationen werden in der Regel an einen Server von Google in den USA \u00fcbertragen und dort gespeichert. Der Betreiber dieser Seite hat keinen Einfluss auf diese Daten\u00fcbertragung.<\/br>\nDie Nutzung von Google Maps erfolgt im Interesse einer ansprechenden Darstellung unseres Onlineangebotes und um das Auffinden der von uns auf der Website angegebenen Orte zu erleichtern. Dies stellt ein berechtigtes Interesse im Sinne von Artikel 6 Absatz 1 Buchstabe f DSGVO dar.\n<\/br>\nWeitere Informationen \u00fcber den Umgang mit Nutzerdaten finden Sie in den Datenschutzbestimmungen von Google: \u00a0<a href=\"https:\/\/www.google.de\/intl\/de\/policies\/privacy\/\">https:\/\/www.google.de\/intl\/de\/policies\/privacy\/<\/a>\n\n\n<\/p><\/div><\/div>\t\t\t\t<\/div>\n\t\t\t\t<\/div>\n\t\t\t\t\t<\/div>\n\t\t<\/div>\n\t\t\t\t\t<\/div>\n\t\t<\/section>\n\t\t\t\t<\/div>","protected":false},"excerpt":{"rendered":"<p>Hinweise zum Datenschutz 1. Datenschutz auf einen Blick Allgemeine Informationen Die folgenden Informationen geben einen einfachen \u00dcberblick dar\u00fcber, was mit Ihren personenbezogenen Daten passiert, wenn Sie unsere Website besuchen. Personenbezogene Daten sind alle Daten, mit denen Sie pers\u00f6nlich identifiziert werden k\u00f6nnen. Ausf\u00fchrliche Informationen zum Thema Datenschutz finden Sie in unserer [...]<\/p>","protected":false},"author":1,"featured_media":0,"parent":0,"menu_order":0,"comment_status":"closed","ping_status":"closed","template":"elementor_header_footer","meta":{"site-sidebar-layout":"no-sidebar","site-content-layout":"","ast-site-content-layout":"full-width-container","site-content-style":"default","site-sidebar-style":"default","ast-global-header-display":"","ast-banner-title-visibility":"","ast-main-header-display":"","ast-hfb-above-header-display":"","ast-hfb-below-header-display":"","ast-hfb-mobile-header-display":"","site-post-title":"disabled","ast-breadcrumbs-content":"","ast-featured-img":"disabled","footer-sml-layout":"","theme-transparent-header-meta":"","adv-header-id-meta":"","stick-header-meta":"","header-above-stick-meta":"","header-main-stick-meta":"","header-below-stick-meta":"","astra-migrate-meta-layouts":"default","ast-page-background-enabled":"default","ast-page-background-meta":{"desktop":{"background-color":"var(--ast-global-color-4)","background-image":"","background-repeat":"repeat","background-position":"center center","background-size":"auto","background-attachment":"scroll","background-type":"","background-media":"","overlay-type":"","overlay-color":"","overlay-opacity":"","overlay-gradient":""},"tablet":{"background-color":"","background-image":"","background-repeat":"repeat","background-position":"center center","background-size":"auto","background-attachment":"scroll","background-type":"","background-media":"","overlay-type":"","overlay-color":"","overlay-opacity":"","overlay-gradient":""},"mobile":{"background-color":"","background-image":"","background-repeat":"repeat","background-position":"center center","background-size":"auto","background-attachment":"scroll","background-type":"","background-media":"","overlay-type":"","overlay-color":"","overlay-opacity":"","overlay-gradient":""}},"ast-content-background-meta":{"desktop":{"background-color":"var(--ast-global-color-5)","background-image":"","background-repeat":"repeat","background-position":"center center","background-size":"auto","background-attachment":"scroll","background-type":"","background-media":"","overlay-type":"","overlay-color":"","overlay-opacity":"","overlay-gradient":""},"tablet":{"background-color":"var(--ast-global-color-5)","background-image":"","background-repeat":"repeat","background-position":"center center","background-size":"auto","background-attachment":"scroll","background-type":"","background-media":"","overlay-type":"","overlay-color":"","overlay-opacity":"","overlay-gradient":""},"mobile":{"background-color":"var(--ast-global-color-5)","background-image":"","background-repeat":"repeat","background-position":"center center","background-size":"auto","background-attachment":"scroll","background-type":"","background-media":"","overlay-type":"","overlay-color":"","overlay-opacity":"","overlay-gradient":""}},"footnotes":""},"class_list":["post-506","page","type-page","status-publish","hentry"],"_links":{"self":[{"href":"https:\/\/docnet24.com\/de\/wp-json\/wp\/v2\/pages\/506","targetHints":{"allow":["GET"]}}],"collection":[{"href":"https:\/\/docnet24.com\/de\/wp-json\/wp\/v2\/pages"}],"about":[{"href":"https:\/\/docnet24.com\/de\/wp-json\/wp\/v2\/types\/page"}],"author":[{"embeddable":true,"href":"https:\/\/docnet24.com\/de\/wp-json\/wp\/v2\/users\/1"}],"replies":[{"embeddable":true,"href":"https:\/\/docnet24.com\/de\/wp-json\/wp\/v2\/comments?post=506"}],"version-history":[{"count":10,"href":"https:\/\/docnet24.com\/de\/wp-json\/wp\/v2\/pages\/506\/revisions"}],"predecessor-version":[{"id":532,"href":"https:\/\/docnet24.com\/de\/wp-json\/wp\/v2\/pages\/506\/revisions\/532"}],"wp:attachment":[{"href":"https:\/\/docnet24.com\/de\/wp-json\/wp\/v2\/media?parent=506"}],"curies":[{"name":"wp","href":"https:\/\/api.w.org\/{rel}","templated":true}]}}