{"id":508,"date":"2024-02-15T11:05:23","date_gmt":"2024-02-15T10:05:23","guid":{"rendered":"https:\/\/docnet24.com\/?page_id=508"},"modified":"2024-02-15T19:27:25","modified_gmt":"2024-02-15T18:27:25","slug":"terms-and-conditions","status":"publish","type":"page","link":"https:\/\/docnet24.com\/de\/agb\/","title":{"rendered":"AGB"},"content":{"rendered":"<div data-elementor-type=\"wp-page\" data-elementor-id=\"508\" class=\"elementor elementor-508\" data-elementor-settings=\"{&quot;element_pack_global_tooltip_width&quot;:{&quot;unit&quot;:&quot;px&quot;,&quot;size&quot;:&quot;&quot;,&quot;sizes&quot;:[]},&quot;element_pack_global_tooltip_width_tablet&quot;:{&quot;unit&quot;:&quot;px&quot;,&quot;size&quot;:&quot;&quot;,&quot;sizes&quot;:[]},&quot;element_pack_global_tooltip_width_mobile&quot;:{&quot;unit&quot;:&quot;px&quot;,&quot;size&quot;:&quot;&quot;,&quot;sizes&quot;:[]},&quot;element_pack_global_tooltip_padding&quot;:{&quot;unit&quot;:&quot;px&quot;,&quot;top&quot;:&quot;&quot;,&quot;right&quot;:&quot;&quot;,&quot;bottom&quot;:&quot;&quot;,&quot;left&quot;:&quot;&quot;,&quot;isLinked&quot;:true},&quot;element_pack_global_tooltip_padding_tablet&quot;:{&quot;unit&quot;:&quot;px&quot;,&quot;top&quot;:&quot;&quot;,&quot;right&quot;:&quot;&quot;,&quot;bottom&quot;:&quot;&quot;,&quot;left&quot;:&quot;&quot;,&quot;isLinked&quot;:true},&quot;element_pack_global_tooltip_padding_mobile&quot;:{&quot;unit&quot;:&quot;px&quot;,&quot;top&quot;:&quot;&quot;,&quot;right&quot;:&quot;&quot;,&quot;bottom&quot;:&quot;&quot;,&quot;left&quot;:&quot;&quot;,&quot;isLinked&quot;:true},&quot;element_pack_global_tooltip_border_radius&quot;:{&quot;unit&quot;:&quot;px&quot;,&quot;top&quot;:&quot;&quot;,&quot;right&quot;:&quot;&quot;,&quot;bottom&quot;:&quot;&quot;,&quot;left&quot;:&quot;&quot;,&quot;isLinked&quot;:true},&quot;element_pack_global_tooltip_border_radius_tablet&quot;:{&quot;unit&quot;:&quot;px&quot;,&quot;top&quot;:&quot;&quot;,&quot;right&quot;:&quot;&quot;,&quot;bottom&quot;:&quot;&quot;,&quot;left&quot;:&quot;&quot;,&quot;isLinked&quot;:true},&quot;element_pack_global_tooltip_border_radius_mobile&quot;:{&quot;unit&quot;:&quot;px&quot;,&quot;top&quot;:&quot;&quot;,&quot;right&quot;:&quot;&quot;,&quot;bottom&quot;:&quot;&quot;,&quot;left&quot;:&quot;&quot;,&quot;isLinked&quot;:true}}\" data-elementor-post-type=\"page\">\n\t\t\t\t\t\t<section class=\"elementor-section elementor-top-section elementor-element elementor-element-9a04685 elementor-section-content-top elementor-section-boxed elementor-section-height-default elementor-section-height-default\" data-id=\"9a04685\" data-element_type=\"section\" data-settings=\"{&quot;background_background&quot;:&quot;classic&quot;}\">\n\t\t\t\t\t\t\t<div class=\"elementor-background-overlay\"><\/div>\n\t\t\t\t\t\t\t<div class=\"elementor-container elementor-column-gap-no\">\n\t\t\t\t\t<div class=\"elementor-column elementor-col-100 elementor-top-column elementor-element elementor-element-953f176\" data-id=\"953f176\" data-element_type=\"column\">\n\t\t\t<div class=\"elementor-widget-wrap elementor-element-populated\">\n\t\t\t\t\t\t<div class=\"elementor-element elementor-element-ad4df22 elementor-widget elementor-widget-heading\" data-id=\"ad4df22\" data-element_type=\"widget\" data-widget_type=\"heading.default\">\n\t\t\t\t<div class=\"elementor-widget-container\">\n\t\t\t\t\t<h2 class=\"elementor-heading-title elementor-size-default\">Allgemeine Gesch\u00e4ftsbedingungen (AGB)<\/h2>\t\t\t\t<\/div>\n\t\t\t\t<\/div>\n\t\t\t\t\t<\/div>\n\t\t<\/div>\n\t\t\t\t\t<\/div>\n\t\t<\/section>\n\t\t\t\t<section class=\"elementor-section elementor-top-section elementor-element elementor-element-5434e72 elementor-section-content-top elementor-section-boxed elementor-section-height-default elementor-section-height-default\" data-id=\"5434e72\" data-element_type=\"section\" data-settings=\"{&quot;background_background&quot;:&quot;classic&quot;}\">\n\t\t\t\t\t\t\t<div class=\"elementor-background-overlay\"><\/div>\n\t\t\t\t\t\t\t<div class=\"elementor-container elementor-column-gap-no\">\n\t\t\t\t\t<div class=\"elementor-column elementor-col-100 elementor-top-column elementor-element elementor-element-ec05de0\" data-id=\"ec05de0\" data-element_type=\"column\">\n\t\t\t<div class=\"elementor-widget-wrap elementor-element-populated\">\n\t\t\t\t\t\t<div class=\"elementor-element elementor-element-4cd6931 elementor-vertical-align-top elementor-widget elementor-widget-image-box\" data-id=\"4cd6931\" data-element_type=\"widget\" data-widget_type=\"image-box.default\">\n\t\t\t\t<div class=\"elementor-widget-container\">\n\t\t\t\t\t<div class=\"elementor-image-box-wrapper\"><div class=\"elementor-image-box-content\"><h3 class=\"elementor-image-box-title\">1. Umfang<\/h3><p class=\"elementor-image-box-description\">a) Praxisgemeinschaft Dr.-med. Ileana Vogel und Dr.-medic. Anca Calciu erbringt ihre Dienste, Leistungen und Lieferungen ausschlie\u00dflich auf der Grundlage dieser Gesch\u00e4ftsbedingungen, soweit nicht einzelvertraglich etwas anderes vereinbart ist. Sp\u00e4testens mit der Auftragserteilung gelten die Bedingungen als angenommen und gelten auch f\u00fcr alle k\u00fcnftigen Gesch\u00e4ftsbeziehungen, auch wenn sie nicht nochmals ausdr\u00fccklich vereinbart und vorgelegt werden.<\/br>\nEigene Gesch\u00e4ftsbedingungen des Kunden gelten nicht, es sei denn, diese werden von der Praxisgemeinschaft Dr.-med. Ileana Vogel und Dr.-medic. Anca Calciu.<\/br>\n<\/br>\nb) Alle Erkl\u00e4rungen im Zusammenhang mit dem Vertrag bed\u00fcrfen der Schriftform. Die Mitarbeiter der Praxisgemeinschaft Dr.-med. Ileana Vogel und Dr.-medic. Anca Calciu sind nicht befugt, m\u00fcndliche Nebenabreden zu treffen, die \u00fcber den Inhalt des jeweiligen Vertrages einschlie\u00dflich dieser Bedingungen hinausgehen.<\/br>\n<\/br>\nc) Praxisgemeinschaft Dr.-med. Ileana Vogel und Dr.-medic. Anca Calciu ist berechtigt, diese \"Allgemeinen Gesch\u00e4ftsbedingungen\" jederzeit mit einer angemessenen Ank\u00fcndigung zu \u00e4ndern oder zu erg\u00e4nzen. Widerspricht der Kunde nicht innerhalb von zwei Wochen nach Zugang der \u00c4nderungsmitteilung, so wird diese wie angek\u00fcndigt wirksam. Widerspricht der Kunde fristgerecht, ist Science-IT Consulting GmbH berechtigt, den Vertrag zu dem Zeitpunkt zu k\u00fcndigen, an dem die ge\u00e4nderten Bedingungen in Kraft treten sollen.<\/p><\/div><\/div>\t\t\t\t<\/div>\n\t\t\t\t<\/div>\n\t\t\t\t<div class=\"elementor-element elementor-element-64930fb elementor-vertical-align-top elementor-widget elementor-widget-image-box\" data-id=\"64930fb\" data-element_type=\"widget\" data-widget_type=\"image-box.default\">\n\t\t\t\t<div class=\"elementor-widget-container\">\n\t\t\t\t\t<div class=\"elementor-image-box-wrapper\"><div class=\"elementor-image-box-content\"><h3 class=\"elementor-image-box-title\">2. Abschluss des Vertrages<\/h3><p class=\"elementor-image-box-description\">a) Der Vertrag kommt zustande, wenn die Praxisgemeinschaft Dr.-med. Ileana Vogel und Dr.-medic. Anca Calciu lehnen den geschlossenen Vertrag unverz\u00fcglich ab.<\/br>\n<\/br>\nb) Sind zur Erbringung der Leistung Leistungen Dritter erforderlich, so werden diese nicht Vertragspartner des Kunden. Es besteht auch kein Vertragsverh\u00e4ltnis zwischen den Kunden der Praxisgemeinschaft Dr.-med. Ileana Vogel und Dr.-medic. Anca Calciu, die ausschlie\u00dflich auf der gemeinsamen Nutzung der Leistungen beruht.\n<\/p><\/div><\/div>\t\t\t\t<\/div>\n\t\t\t\t<\/div>\n\t\t\t\t<div class=\"elementor-element elementor-element-960d8a9 elementor-vertical-align-top elementor-widget elementor-widget-image-box\" data-id=\"960d8a9\" data-element_type=\"widget\" data-widget_type=\"image-box.default\">\n\t\t\t\t<div class=\"elementor-widget-container\">\n\t\t\t\t\t<div class=\"elementor-image-box-wrapper\"><div class=\"elementor-image-box-content\"><h3 class=\"elementor-image-box-title\">3. Umfang der Dienstleistungen<\/h3><p class=\"elementor-image-box-description\">a) Der Umfang ergibt sich aus dem jeweiligen Vertrag gem\u00e4\u00df der Leistungsbeschreibung oder aus der mit dem Kunden individuell definierten und vereinbarten Leistung. Die Abnahme der Leistung erfolgt mit der Unterschrift des Kunden auf dem \u00dcbergabeformular.<\/br>\n<\/br>\nb) Praxisgemeinschaft Dr.-med. Ileana Vogel und Dr.-medic. Anca Calciu behalten sich das Recht vor, Leistungen in Absprache mit dem Kunden zu \u00e4ndern, zu erweitern und zu verbessern.<\/br>\n<\/br>\nc) Softwarel\u00f6sungen, Skripte, Designs, Layouts, Systeme und vergleichbare Produkte bleiben im Eigentum der Praxisgemeinschaft Dr.-med. Ileana Vogel und Dr.-medic. Anca Calciu, auch wenn sie im Auftrag des Kunden entwickelt werden, es sei denn, der Erwerb und die Weitergabe an den Kunden wurde ausdr\u00fccklich vereinbart.<\/br>\n<\/br>\nd) Wenn die Praxisgemeinschaft Dr.-med. Ileana Vogel und Dr.-medic. Anca Calciu eine unentgeltliche Leistung erbringen, kann diese jederzeit ohne Vorank\u00fcndigung eingestellt werden, ohne dass dem Kunden hieraus Anspr\u00fcche erwachsen.<\/p><\/div><\/div>\t\t\t\t<\/div>\n\t\t\t\t<\/div>\n\t\t\t\t<div class=\"elementor-element elementor-element-17253ee elementor-vertical-align-top elementor-widget elementor-widget-image-box\" data-id=\"17253ee\" data-element_type=\"widget\" data-widget_type=\"image-box.default\">\n\t\t\t\t<div class=\"elementor-widget-container\">\n\t\t\t\t\t<div class=\"elementor-image-box-wrapper\"><div class=\"elementor-image-box-content\"><h3 class=\"elementor-image-box-title\">4. Lieferung und Erf\u00fcllungsort<\/h3><p class=\"elementor-image-box-description\">a) Der Erf\u00fcllungsort f\u00fcr Verpflichtungen gegen\u00fcber der Praxisgemeinschaft Dr.-med. Ileana Vogel und Dr.-medic. Anca Calciu ist der Sitz der Praxisgemeinschaft Dr.-med. Ileana Vogel und Dr.-medic. Anca Calciu. Wenn die Praxisgemeinschaft Dr.-med. Ileana Vogel und Dr.-medic. Anca Calciu Dienstleistungen oder Waren liefert oder versendet, erfolgt die Lieferung auf Gefahr und Kosten des Vertragspartners. Die Lieferzeiten sind ann\u00e4hernd und unverbindlich.<\/br>\n<\/br>\nb) Teillieferungen sind zul\u00e4ssig und k\u00f6nnen vom Vertragspartner nicht zur\u00fcckgewiesen werden, wenn eine Restlieferung noch erfolgt oder die Teillieferung f\u00fcr den Vertragspartner nicht ohne Interesse ist. Sofern die Praxisgemeinschaft Dr.-med. Ileana Vogel und Dr.-medic. Anca Calciu in Verzug, muss der Vertragspartner eine angemessene Nachfrist von mindestens 4 Wochen setzen, bevor er seine Rechte nach \u00a7 326 BGB geltend machen kann.<\/p><\/div><\/div>\t\t\t\t<\/div>\n\t\t\t\t<\/div>\n\t\t\t\t<div class=\"elementor-element elementor-element-d713ed8 elementor-vertical-align-top elementor-widget elementor-widget-image-box\" data-id=\"d713ed8\" data-element_type=\"widget\" data-widget_type=\"image-box.default\">\n\t\t\t\t<div class=\"elementor-widget-container\">\n\t\t\t\t\t<div class=\"elementor-image-box-wrapper\"><div class=\"elementor-image-box-content\"><h3 class=\"elementor-image-box-title\">5. Zahlungsbedingungen<\/h3><p class=\"elementor-image-box-description\">a) Dienstleistungen oder Produkte, die von der Praxisgemeinschaft Dr.-med. Ileana Vogel und Dr.-medic. Anca Calciu sind sp\u00e4testens 10 Tage nach Rechnungsdatum ohne Abzug zahlbar. Abweichende Vereinbarungen bed\u00fcrfen der Schriftform.<\/br>\n<\/br>\nb) Befindet sich ein Vertragspartner in Zahlungsverzug, werden die Praxisgemeinschaft Dr.-med. Ileana Vogel und Dr.-medic. Anca Calciu berechtigt, Verzugszinsen in H\u00f6he von 5% \u00fcber dem jeweiligen Diskontsatz der Deutschen Bundesbank zu berechnen.<\/p><\/div><\/div>\t\t\t\t<\/div>\n\t\t\t\t<\/div>\n\t\t\t\t<div class=\"elementor-element elementor-element-2fb5e7e elementor-vertical-align-top elementor-widget elementor-widget-image-box\" data-id=\"2fb5e7e\" data-element_type=\"widget\" data-widget_type=\"image-box.default\">\n\t\t\t\t<div class=\"elementor-widget-container\">\n\t\t\t\t\t<div class=\"elementor-image-box-wrapper\"><div class=\"elementor-image-box-content\"><h3 class=\"elementor-image-box-title\">6. Gew\u00e4hrleistung und M\u00e4ngelr\u00fcge<\/h3><p class=\"elementor-image-box-description\">a) F\u00fcr M\u00e4ngelr\u00fcgen von Kaufleuten gelten die gesetzlichen Bestimmungen. Im \u00dcbrigen sind offensichtliche M\u00e4ngel bei der Praxisgemeinschaft Dr.-med. Ileana Vogel und Dr.-medic. Anca Calciu innerhalb von 14 Tagen schriftlich anzuzeigen. Andernfalls k\u00f6nnen keine Gew\u00e4hrleistungsanspr\u00fcche geltend gemacht werden.<\/br>\n<\/br>\nb) Praxisgemeinschaft Dr.-med. Ileana Vogel und Dr.-medic. Anca Calciu leisten Gew\u00e4hr, indem sie nach ihrer Wahl den Mangel ganz oder teilweise unentgeltlich beseitigen oder eine kostenlose Ersatzlieferung vornehmen. Schlagen zwei Nachbesserungs- oder Nachlieferungsversuche fehl, so ist der Vertragspartner nach seiner Wahl berechtigt, Minderung oder Wandlung zu verlangen.<\/br>\n<\/br>\nc) Alternativ k\u00f6nnen auch die Praxisgemeinschaft Dr.-med. Ileana Vogel und Dr.-medic. Anca Calciu verlangen, dass die mangelhafte Leistung\/Produkt an die Praxisgemeinschaft Dr.-med. Ileana Vogel und Dr.-medic. Ileana Vogel und Dr.-medic. Anca Calciu zur Reparatur eingesandt wird oder dass der Kunde das defekte Produkt\/die defekte Leistung zur Reparatur bereith\u00e4lt.<\/br>\n<\/br>\nd) Die Gew\u00e4hrleistungspflicht erlischt, wenn Arbeiten, Reparaturen oder Eingriffe vom Kunden ohne die schriftliche Zustimmung der Praxisgemeinschaft Dr.-med. Ileana Vogel und Dr.-medic. Anca Calciu.\n<\/p><\/div><\/div>\t\t\t\t<\/div>\n\t\t\t\t<\/div>\n\t\t\t\t<div class=\"elementor-element elementor-element-162fce8 elementor-vertical-align-top elementor-widget elementor-widget-image-box\" data-id=\"162fce8\" data-element_type=\"widget\" data-widget_type=\"image-box.default\">\n\t\t\t\t<div class=\"elementor-widget-container\">\n\t\t\t\t\t<div class=\"elementor-image-box-wrapper\"><div class=\"elementor-image-box-content\"><h3 class=\"elementor-image-box-title\">7. Eigentumsvorbehalt<\/h3><p class=\"elementor-image-box-description\">Die gelieferten Dienstleistungen, Produkte oder Waren bleiben im Eigentum der Praxisgemeinschaft Dr.-med. Ileana Vogel und Dr.-medic. Anca Calciu als Vorbehaltsware bis zur vollst\u00e4ndigen Bezahlung des Kaufpreises und bis zur Begleichung aller Forderungen aus der Gesch\u00e4ftsverbindung.<\/p><\/div><\/div>\t\t\t\t<\/div>\n\t\t\t\t<\/div>\n\t\t\t\t<div class=\"elementor-element elementor-element-b8ae50b elementor-vertical-align-top elementor-widget elementor-widget-image-box\" data-id=\"b8ae50b\" data-element_type=\"widget\" data-widget_type=\"image-box.default\">\n\t\t\t\t<div class=\"elementor-widget-container\">\n\t\t\t\t\t<div class=\"elementor-image-box-wrapper\"><div class=\"elementor-image-box-content\"><h3 class=\"elementor-image-box-title\">8. Haftungsklausel<\/h3><p class=\"elementor-image-box-description\">a) Praxisgemeinschaft Dr.-med. Ileana Vogel und Dr.-medic. Anca Calciu haften nur f\u00fcr von ihnen oder einem Erf\u00fcllungsgehilfen grob fahrl\u00e4ssig oder vors\u00e4tzlich verursachte Sch\u00e4den, es sei denn, es handelt sich um zugesicherte Eigenschaften.<\/br>\n<\/br>\nb) Au\u00dferdem haben die Praxisgemeinschaft Dr.-med. Ileana Vogel und Dr.-medic. Anca Calciu nicht f\u00fcr Folgesch\u00e4den, insbesondere aus positiver Vertragsverletzung, es sei denn, der Schaden f\u00e4llt in den Bereich der Zusicherung einer garantierten Eigenschaft. Praxisgemeinschaft Dr.-med. Ileana Vogel und Dr.-medic. Anca Calciu haften nicht f\u00fcr Sch\u00e4den, die nicht vorhersehbar sind oder die der Kunde zu vertreten hat. Die Haftung der Praxisgemeinschaft Dr.-med. Ileana Vogel und Dr.-medic. Anca Calciu nach dem Produkthaftungsgesetz bleibt hiervon unber\u00fchrt.<\/p><\/div><\/div>\t\t\t\t<\/div>\n\t\t\t\t<\/div>\n\t\t\t\t<div class=\"elementor-element elementor-element-dffdd6d elementor-vertical-align-top elementor-widget elementor-widget-image-box\" data-id=\"dffdd6d\" data-element_type=\"widget\" data-widget_type=\"image-box.default\">\n\t\t\t\t<div class=\"elementor-widget-container\">\n\t\t\t\t\t<div class=\"elementor-image-box-wrapper\"><div class=\"elementor-image-box-content\"><h3 class=\"elementor-image-box-title\">9. Schutz der Daten<\/h3><p class=\"elementor-image-box-description\">Hinweis nach \u00a7 33 BDSG: Praxisgemeinschaft Dr.-med. Ileana Vogel und Dr.-medic. Anca Calciu speichern notwendige Daten, um einen reibungslosen Gesch\u00e4ftsbetrieb zu gew\u00e4hrleisten. Die pers\u00f6nlichen Daten, die an die Praxisgemeinschaft Dr.-med. Ileana Vogel und Dr.-medic. Anca Calciu \u00fcbermittelt werden, werden streng vertraulich behandelt.<\/p><\/div><\/div>\t\t\t\t<\/div>\n\t\t\t\t<\/div>\n\t\t\t\t<div class=\"elementor-element elementor-element-098df23 elementor-vertical-align-top elementor-widget elementor-widget-image-box\" data-id=\"098df23\" data-element_type=\"widget\" data-widget_type=\"image-box.default\">\n\t\t\t\t<div class=\"elementor-widget-container\">\n\t\t\t\t\t<div class=\"elementor-image-box-wrapper\"><div class=\"elementor-image-box-content\"><h3 class=\"elementor-image-box-title\">10. Ort der Gerichtsbarkeit<\/h3><p class=\"elementor-image-box-description\">Der Gerichtsstand f\u00fcr alle Vertr\u00e4ge, die mit der Praxisgemeinschaft Dr.-med. Ileana Vogel und Dr.-medic. Anca Calciu ist 61250 Usingen.<\/p><\/div><\/div>\t\t\t\t<\/div>\n\t\t\t\t<\/div>\n\t\t\t\t\t<\/div>\n\t\t<\/div>\n\t\t\t\t\t<\/div>\n\t\t<\/section>\n\t\t\t\t<\/div>","protected":false},"excerpt":{"rendered":"<p>Allgemeine Gesch\u00e4ftsbedingungen (AGB) 1. Geltungsbereich a) Praxisgemeinschaft Dr.-med. Ileana Vogel und Dr.-medic. Anca Calciu erbringen ihre Dienste, Leistungen und Lieferungen ausschlie\u00dflich auf der Grundlage dieser Gesch\u00e4ftsbedingungen, soweit nicht einzelvertraglich etwas anderes vereinbart ist. Sp\u00e4testens mit der Auftragserteilung gelten die Bedingungen als angenommen und gelten auch f\u00fcr alle [...]<\/p>","protected":false},"author":1,"featured_media":0,"parent":0,"menu_order":0,"comment_status":"closed","ping_status":"closed","template":"elementor_header_footer","meta":{"site-sidebar-layout":"no-sidebar","site-content-layout":"","ast-site-content-layout":"full-width-container","site-content-style":"default","site-sidebar-style":"default","ast-global-header-display":"","ast-banner-title-visibility":"","ast-main-header-display":"","ast-hfb-above-header-display":"","ast-hfb-below-header-display":"","ast-hfb-mobile-header-display":"","site-post-title":"disabled","ast-breadcrumbs-content":"","ast-featured-img":"disabled","footer-sml-layout":"","theme-transparent-header-meta":"","adv-header-id-meta":"","stick-header-meta":"","header-above-stick-meta":"","header-main-stick-meta":"","header-below-stick-meta":"","astra-migrate-meta-layouts":"default","ast-page-background-enabled":"default","ast-page-background-meta":{"desktop":{"background-color":"var(--ast-global-color-4)","background-image":"","background-repeat":"repeat","background-position":"center center","background-size":"auto","background-attachment":"scroll","background-type":"","background-media":"","overlay-type":"","overlay-color":"","overlay-opacity":"","overlay-gradient":""},"tablet":{"background-color":"","background-image":"","background-repeat":"repeat","background-position":"center center","background-size":"auto","background-attachment":"scroll","background-type":"","background-media":"","overlay-type":"","overlay-color":"","overlay-opacity":"","overlay-gradient":""},"mobile":{"background-color":"","background-image":"","background-repeat":"repeat","background-position":"center center","background-size":"auto","background-attachment":"scroll","background-type":"","background-media":"","overlay-type":"","overlay-color":"","overlay-opacity":"","overlay-gradient":""}},"ast-content-background-meta":{"desktop":{"background-color":"var(--ast-global-color-5)","background-image":"","background-repeat":"repeat","background-position":"center center","background-size":"auto","background-attachment":"scroll","background-type":"","background-media":"","overlay-type":"","overlay-color":"","overlay-opacity":"","overlay-gradient":""},"tablet":{"background-color":"var(--ast-global-color-5)","background-image":"","background-repeat":"repeat","background-position":"center center","background-size":"auto","background-attachment":"scroll","background-type":"","background-media":"","overlay-type":"","overlay-color":"","overlay-opacity":"","overlay-gradient":""},"mobile":{"background-color":"var(--ast-global-color-5)","background-image":"","background-repeat":"repeat","background-position":"center center","background-size":"auto","background-attachment":"scroll","background-type":"","background-media":"","overlay-type":"","overlay-color":"","overlay-opacity":"","overlay-gradient":""}},"footnotes":""},"class_list":["post-508","page","type-page","status-publish","hentry"],"_links":{"self":[{"href":"https:\/\/docnet24.com\/de\/wp-json\/wp\/v2\/pages\/508","targetHints":{"allow":["GET"]}}],"collection":[{"href":"https:\/\/docnet24.com\/de\/wp-json\/wp\/v2\/pages"}],"about":[{"href":"https:\/\/docnet24.com\/de\/wp-json\/wp\/v2\/types\/page"}],"author":[{"embeddable":true,"href":"https:\/\/docnet24.com\/de\/wp-json\/wp\/v2\/users\/1"}],"replies":[{"embeddable":true,"href":"https:\/\/docnet24.com\/de\/wp-json\/wp\/v2\/comments?post=508"}],"version-history":[{"count":34,"href":"https:\/\/docnet24.com\/de\/wp-json\/wp\/v2\/pages\/508\/revisions"}],"predecessor-version":[{"id":566,"href":"https:\/\/docnet24.com\/de\/wp-json\/wp\/v2\/pages\/508\/revisions\/566"}],"wp:attachment":[{"href":"https:\/\/docnet24.com\/de\/wp-json\/wp\/v2\/media?parent=508"}],"curies":[{"name":"wp","href":"https:\/\/api.w.org\/{rel}","templated":true}]}}