{"id":506,"date":"2024-02-15T11:04:47","date_gmt":"2024-02-15T10:04:47","guid":{"rendered":"https:\/\/docnet24.com\/?page_id=506"},"modified":"2024-02-15T19:16:48","modified_gmt":"2024-02-15T18:16:48","slug":"privacy-policy","status":"publish","type":"page","link":"https:\/\/docnet24.com\/fr\/politique-de-confidentialite\/","title":{"rendered":"Politique de confidentialit\u00e9"},"content":{"rendered":"<div data-elementor-type=\"wp-page\" data-elementor-id=\"506\" class=\"elementor elementor-506\" data-elementor-settings=\"{&quot;element_pack_global_tooltip_width&quot;:{&quot;unit&quot;:&quot;px&quot;,&quot;size&quot;:&quot;&quot;,&quot;sizes&quot;:[]},&quot;element_pack_global_tooltip_width_tablet&quot;:{&quot;unit&quot;:&quot;px&quot;,&quot;size&quot;:&quot;&quot;,&quot;sizes&quot;:[]},&quot;element_pack_global_tooltip_width_mobile&quot;:{&quot;unit&quot;:&quot;px&quot;,&quot;size&quot;:&quot;&quot;,&quot;sizes&quot;:[]},&quot;element_pack_global_tooltip_padding&quot;:{&quot;unit&quot;:&quot;px&quot;,&quot;top&quot;:&quot;&quot;,&quot;right&quot;:&quot;&quot;,&quot;bottom&quot;:&quot;&quot;,&quot;left&quot;:&quot;&quot;,&quot;isLinked&quot;:true},&quot;element_pack_global_tooltip_padding_tablet&quot;:{&quot;unit&quot;:&quot;px&quot;,&quot;top&quot;:&quot;&quot;,&quot;right&quot;:&quot;&quot;,&quot;bottom&quot;:&quot;&quot;,&quot;left&quot;:&quot;&quot;,&quot;isLinked&quot;:true},&quot;element_pack_global_tooltip_padding_mobile&quot;:{&quot;unit&quot;:&quot;px&quot;,&quot;top&quot;:&quot;&quot;,&quot;right&quot;:&quot;&quot;,&quot;bottom&quot;:&quot;&quot;,&quot;left&quot;:&quot;&quot;,&quot;isLinked&quot;:true},&quot;element_pack_global_tooltip_border_radius&quot;:{&quot;unit&quot;:&quot;px&quot;,&quot;top&quot;:&quot;&quot;,&quot;right&quot;:&quot;&quot;,&quot;bottom&quot;:&quot;&quot;,&quot;left&quot;:&quot;&quot;,&quot;isLinked&quot;:true},&quot;element_pack_global_tooltip_border_radius_tablet&quot;:{&quot;unit&quot;:&quot;px&quot;,&quot;top&quot;:&quot;&quot;,&quot;right&quot;:&quot;&quot;,&quot;bottom&quot;:&quot;&quot;,&quot;left&quot;:&quot;&quot;,&quot;isLinked&quot;:true},&quot;element_pack_global_tooltip_border_radius_mobile&quot;:{&quot;unit&quot;:&quot;px&quot;,&quot;top&quot;:&quot;&quot;,&quot;right&quot;:&quot;&quot;,&quot;bottom&quot;:&quot;&quot;,&quot;left&quot;:&quot;&quot;,&quot;isLinked&quot;:true}}\" data-elementor-post-type=\"page\">\n\t\t\t\t\t\t<section class=\"elementor-section elementor-top-section elementor-element elementor-element-0dda566 elementor-section-content-top elementor-section-boxed elementor-section-height-default elementor-section-height-default\" data-id=\"0dda566\" data-element_type=\"section\" data-settings=\"{&quot;background_background&quot;:&quot;classic&quot;}\">\n\t\t\t\t\t\t\t<div class=\"elementor-background-overlay\"><\/div>\n\t\t\t\t\t\t\t<div class=\"elementor-container elementor-column-gap-no\">\n\t\t\t\t\t<div class=\"elementor-column elementor-col-100 elementor-top-column elementor-element elementor-element-c0f7f0e\" data-id=\"c0f7f0e\" data-element_type=\"column\">\n\t\t\t<div class=\"elementor-widget-wrap elementor-element-populated\">\n\t\t\t\t\t\t<div class=\"elementor-element elementor-element-00f6ceb elementor-widget elementor-widget-heading\" data-id=\"00f6ceb\" data-element_type=\"widget\" data-widget_type=\"heading.default\">\n\t\t\t\t<div class=\"elementor-widget-container\">\n\t\t\t\t\t<h2 class=\"elementor-heading-title elementor-size-default\">Politique de confidentialit\u00e9<\/h2>\t\t\t\t<\/div>\n\t\t\t\t<\/div>\n\t\t\t\t\t<\/div>\n\t\t<\/div>\n\t\t\t\t\t<\/div>\n\t\t<\/section>\n\t\t\t\t<section class=\"elementor-section elementor-top-section elementor-element elementor-element-29f70bd elementor-section-content-top elementor-section-boxed elementor-section-height-default elementor-section-height-default\" data-id=\"29f70bd\" data-element_type=\"section\" data-settings=\"{&quot;background_background&quot;:&quot;classic&quot;}\">\n\t\t\t\t\t\t\t<div class=\"elementor-background-overlay\"><\/div>\n\t\t\t\t\t\t\t<div class=\"elementor-container elementor-column-gap-no\">\n\t\t\t\t\t<div class=\"elementor-column elementor-col-100 elementor-top-column elementor-element elementor-element-7443bbf\" data-id=\"7443bbf\" data-element_type=\"column\">\n\t\t\t<div class=\"elementor-widget-wrap elementor-element-populated\">\n\t\t\t\t\t\t<div class=\"elementor-element elementor-element-5b4876c elementor-vertical-align-top elementor-widget elementor-widget-image-box\" data-id=\"5b4876c\" data-element_type=\"widget\" data-widget_type=\"image-box.default\">\n\t\t\t\t<div class=\"elementor-widget-container\">\n\t\t\t\t\t<div class=\"elementor-image-box-wrapper\"><div class=\"elementor-image-box-content\"><h3 class=\"elementor-image-box-title\">1. La protection des donn\u00e9es en un coup d'\u0153il<\/h3><p class=\"elementor-image-box-description\"><h5>Informations g\u00e9n\u00e9rales<\/h5>\nLes informations suivantes donnent un aper\u00e7u simple de ce qu'il advient de vos donn\u00e9es personnelles lorsque vous visitez notre site web. Les donn\u00e9es personnelles sont toutes les donn\u00e9es qui peuvent \u00eatre utilis\u00e9es pour vous identifier personnellement. Vous trouverez des informations d\u00e9taill\u00e9es sur la protection des donn\u00e9es dans notre d\u00e9claration de protection des donn\u00e9es figurant sous ce texte.<\/br>\n<\/br>\n<h5>Qui est responsable de la collecte des donn\u00e9es sur ce site web ?<\/h5>\nLe traitement des donn\u00e9es sur ce site web est effectu\u00e9 par l'op\u00e9rateur du site web. Vous trouverez ses coordonn\u00e9es dans les mentions l\u00e9gales de ce site.<\/br>\n<\/br>\n<h5>Comment recueillons-nous vos donn\u00e9es ?<\/h5>\nD'une part, vos donn\u00e9es sont collect\u00e9es lorsque vous nous les fournissez. Il peut s'agir, par exemple, de donn\u00e9es que vous saisissez dans un formulaire de contact. D'autres donn\u00e9es sont collect\u00e9es automatiquement par nos syst\u00e8mes informatiques lorsque vous visitez le site web. Il s'agit principalement de donn\u00e9es techniques (par exemple, le navigateur Internet, le syst\u00e8me d'exploitation ou l'heure de consultation de la page). Ces donn\u00e9es sont collect\u00e9es automatiquement d\u00e8s que vous entrez sur notre site web.<\/br>\n<\/br>\n<h5>\u00c0 quelles fins utilisons-nous vos donn\u00e9es ?<\/h5>\nCertaines de ces donn\u00e9es sont collect\u00e9es pour garantir que le site web est fourni sans erreur. D'autres donn\u00e9es peuvent \u00eatre utilis\u00e9es pour analyser votre comportement d'utilisateur.<\/br>\n<\/br>\n<h5>Quels sont vos droits concernant vos donn\u00e9es ?<\/h5>\nVous avez le droit de recevoir gratuitement et \u00e0 tout moment des informations sur l'origine, le destinataire et la finalit\u00e9 de vos donn\u00e9es personnelles enregistr\u00e9es. Vous avez \u00e9galement le droit de demander la correction, le blocage ou la suppression de ces donn\u00e9es. Vous pouvez nous contacter \u00e0 tout moment \u00e0 l'adresse indiqu\u00e9e dans les mentions l\u00e9gales si vous avez d'autres questions sur la protection des donn\u00e9es. Vous avez \u00e9galement le droit de d\u00e9poser une plainte aupr\u00e8s de l'autorit\u00e9 de contr\u00f4le comp\u00e9tente.<\/br>\n<\/br>\n<h5>Outils d'analyse et outils de fournisseurs tiers<\/h5>\nLorsque vous visitez notre site web, votre comportement de navigation peut faire l'objet d'une \u00e9valuation statistique. Cela se fait principalement \u00e0 l'aide de cookies et de ce que l'on appelle des programmes d'analyse. L'analyse de votre comportement de navigation est g\u00e9n\u00e9ralement anonyme ; il n'est pas possible de remonter jusqu'\u00e0 vous. Vous pouvez vous opposer \u00e0 cette analyse ou l'emp\u00eacher en n'utilisant pas certains outils. Vous trouverez des informations d\u00e9taill\u00e9es \u00e0 ce sujet dans la politique de confidentialit\u00e9 suivante. Vous pouvez vous opposer \u00e0 cette analyse. Nous vous informerons des possibilit\u00e9s d'opposition dans la pr\u00e9sente politique de confidentialit\u00e9.<\/p><\/div><\/div>\t\t\t\t<\/div>\n\t\t\t\t<\/div>\n\t\t\t\t<div class=\"elementor-element elementor-element-ade08b8 elementor-vertical-align-top elementor-widget elementor-widget-image-box\" data-id=\"ade08b8\" data-element_type=\"widget\" data-widget_type=\"image-box.default\">\n\t\t\t\t<div class=\"elementor-widget-container\">\n\t\t\t\t\t<div class=\"elementor-image-box-wrapper\"><div class=\"elementor-image-box-content\"><h3 class=\"elementor-image-box-title\">2. Notes g\u00e9n\u00e9rales et informations obligatoires<\/h3><p class=\"elementor-image-box-description\"><h5>Protection des donn\u00e9es<\/h5>\nLes exploitants de ce site web prennent tr\u00e8s au s\u00e9rieux la protection de vos donn\u00e9es personnelles. Nous traitons vos donn\u00e9es personnelles de mani\u00e8re confidentielle et conform\u00e9ment aux dispositions l\u00e9gales en mati\u00e8re de protection des donn\u00e9es et \u00e0 la pr\u00e9sente politique de confidentialit\u00e9. Lorsque vous utilisez ce site web, diverses donn\u00e9es personnelles sont collect\u00e9es. Les donn\u00e9es personnelles sont des donn\u00e9es qui peuvent \u00eatre utilis\u00e9es pour vous identifier personnellement. La pr\u00e9sente politique de confidentialit\u00e9 explique quelles donn\u00e9es nous collectons et \u00e0 quelles fins nous les utilisons. Elle explique \u00e9galement comment et dans quel but ces donn\u00e9es sont collect\u00e9es. Nous tenons \u00e0 souligner que la transmission de donn\u00e9es sur l'internet (par exemple lors d'une communication par courrier \u00e9lectronique) peut pr\u00e9senter des failles de s\u00e9curit\u00e9. Une protection totale des donn\u00e9es contre l'acc\u00e8s par des tiers n'est pas possible.<\/br>\n<\/br>\n<h5>Note sur l'organisme responsable<\/h5>\nLe responsable du traitement des donn\u00e9es sur ce site web est :<\/br>\nPraxisgemeinschaft<\/br>Dr. Ileana Vogel<\/br>Dr. Anca Calciu<\/br>\nHattsteiner Allee 14A<\/br>\n61250 Usingen<\/br>\nTelefon : +49 (0) 176 626 45 791<\/br>\nCourrier \u00e9lectronique : info@docnet24.com<\/br>\nLe responsable du traitement est la personne physique ou morale qui, seule ou conjointement avec d'autres, d\u00e9termine les finalit\u00e9s et les moyens du traitement des donn\u00e9es \u00e0 caract\u00e8re personnel (par exemple, noms, adresses \u00e9lectroniques, etc.).<\/br>\n<\/br>\n<h5>Retrait du consentement au traitement des donn\u00e9es<\/h5>\nDe nombreux traitements de donn\u00e9es ne sont possibles qu'avec votre consentement explicite. Vous pouvez retirer votre consentement \u00e0 tout moment. Il vous suffit de nous envoyer un courriel informel. La l\u00e9galit\u00e9 du traitement des donn\u00e9es effectu\u00e9 jusqu'\u00e0 la r\u00e9vocation n'est pas affect\u00e9e par cette derni\u00e8re.<\/br>\n<\/br>\n<h5>Droit de d\u00e9poser une plainte aupr\u00e8s de l'autorit\u00e9 de contr\u00f4le comp\u00e9tente<\/h5>\nEn cas de violation de la loi sur la protection des donn\u00e9es, la personne concern\u00e9e a le droit de d\u00e9poser une plainte aupr\u00e8s de l'autorit\u00e9 de contr\u00f4le comp\u00e9tente. L'autorit\u00e9 de contr\u00f4le comp\u00e9tente pour les questions de protection des donn\u00e9es est le d\u00e9l\u00e9gu\u00e9 \u00e0 la protection des donn\u00e9es de l'\u00c9tat f\u00e9d\u00e9ral dans lequel notre entreprise a son si\u00e8ge. Une liste des d\u00e9l\u00e9gu\u00e9s \u00e0 la protection des donn\u00e9es et de leurs coordonn\u00e9es est disponible sur le lien suivant :\u00a0<a href=\"https:\/\/www.bfdi.bund.de\/DE\/Infothek\/Anschriften_Links\/anschriften_links- node.html\">https:\/\/www.bfdi.bund.de\/DE\/Infothek\/Anschriften_Links\/anschriften_links-node.html<\/a>.<\/br>\n<\/br>\n<h5>Droit \u00e0 la portabilit\u00e9 des donn\u00e9es<\/h5>\nVous avez le droit d'obtenir que les donn\u00e9es que nous traitons automatiquement sur la base de votre consentement ou en ex\u00e9cution d'un contrat vous soient communiqu\u00e9es ou soient communiqu\u00e9es \u00e0 un tiers dans un format commun et lisible par machine. Si vous demandez le transfert direct des donn\u00e9es \u00e0 un autre responsable du traitement, ce transfert n'aura lieu que s'il est techniquement possible.<\/br>\n<\/br>\n<h5>Cryptage SSL ou TLS<\/h5>\nCe site utilise le cryptage SSL ou TLS pour des raisons de s\u00e9curit\u00e9 et pour prot\u00e9ger la transmission de contenus confidentiels, tels que les commandes ou les demandes que vous nous envoyez en tant qu'exploitant du site. Vous pouvez reconna\u00eetre une connexion crypt\u00e9e au fait que la ligne d'adresse du navigateur passe de \"http:\/\/\" \u00e0 \"https:\/\/\" et au symbole du cadenas dans la ligne de votre navigateur. Si le cryptage SSL ou TLS est activ\u00e9, les donn\u00e9es que vous nous transmettez ne peuvent pas \u00eatre lues par des tiers.<\/br>\n<\/br>\n<h5>Information, blocage, suppression<\/h5>\nDans le cadre des dispositions l\u00e9gales applicables, vous avez le droit d'obtenir gratuitement des informations sur vos donn\u00e9es personnelles enregistr\u00e9es, leur origine et leur destinataire ainsi que sur la finalit\u00e9 du traitement des donn\u00e9es et, le cas \u00e9ch\u00e9ant, un droit de rectification, de blocage ou de suppression de ces donn\u00e9es \u00e0 tout moment. Vous pouvez nous contacter \u00e0 tout moment \u00e0 l'adresse indiqu\u00e9e dans les mentions l\u00e9gales si vous avez d'autres questions sur le sujet des donn\u00e9es personnelles.<\/p><\/div><\/div>\t\t\t\t<\/div>\n\t\t\t\t<\/div>\n\t\t\t\t<div class=\"elementor-element elementor-element-f28beb1 elementor-vertical-align-top elementor-widget elementor-widget-image-box\" data-id=\"f28beb1\" data-element_type=\"widget\" data-widget_type=\"image-box.default\">\n\t\t\t\t<div class=\"elementor-widget-container\">\n\t\t\t\t\t<div class=\"elementor-image-box-wrapper\"><div class=\"elementor-image-box-content\"><h3 class=\"elementor-image-box-title\">3. Collecte de donn\u00e9es sur notre site web<\/h3><p class=\"elementor-image-box-description\"><h5>Cookies<\/h5>\nCertains sites web utilisent des \"cookies\". Les cookies ne causent aucun dommage \u00e0 votre ordinateur et ne contiennent pas de virus. Les cookies servent \u00e0 rendre notre offre plus conviviale, plus efficace et plus s\u00fbre. Les cookies sont de petits fichiers texte qui sont stock\u00e9s sur votre ordinateur et que votre navigateur enregistre. La plupart des cookies que nous utilisons sont des \"cookies de session\". Ils sont automatiquement supprim\u00e9s apr\u00e8s votre visite. D'autres cookies restent stock\u00e9s sur votre appareil jusqu'\u00e0 ce que vous les supprimiez. Ces cookies nous permettent de reconna\u00eetre votre navigateur lors de votre prochaine visite. Vous pouvez param\u00e9trer votre navigateur de mani\u00e8re \u00e0 \u00eatre inform\u00e9 de la mise en place de cookies et \u00e0 n'autoriser les cookies que dans certains cas, \u00e0 exclure l'acceptation de cookies dans certains cas ou de mani\u00e8re g\u00e9n\u00e9rale, et \u00e0 activer la suppression automatique des cookies \u00e0 la fermeture du navigateur. Si les cookies sont d\u00e9sactiv\u00e9s, la fonctionnalit\u00e9 de ce site web peut \u00eatre restreinte. Les cookies n\u00e9cessaires \u00e0 l'ex\u00e9cution du processus de communication \u00e9lectronique ou \u00e0 la fourniture de certaines fonctions dont vous avez besoin (par exemple, la fonction de panier d'achat) sont stock\u00e9s sur la base de l'article 6, paragraphe 1, de la loi sur la protection des donn\u00e9es. 6 Para. 1 lit. f GDPR. L'exploitant du site web a un int\u00e9r\u00eat l\u00e9gitime \u00e0 stocker des cookies afin de fournir ses services d'une mani\u00e8re techniquement exempte d'erreurs et optimis\u00e9e. Si d'autres cookies (par exemple des cookies pour analyser votre comportement de navigation) sont stock\u00e9s, ils seront trait\u00e9s s\u00e9par\u00e9ment dans la pr\u00e9sente d\u00e9claration de protection des donn\u00e9es.<\/br>\n<\/br>\n<h5>Fichiers journaux du serveur<\/h5>\nLe fournisseur des pages recueille et stocke automatiquement des informations dans ce que l'on appelle les fichiers journaux du serveur, que votre navigateur nous transmet automatiquement. Ces fichiers sont les suivants\n<\/br>\nType et version du navigateur<\/br>\nSyst\u00e8me d'exploitation utilis\u00e9<\/br>\nURL du r\u00e9f\u00e9rent<\/br>\nNom d'h\u00f4te de l'ordinateur d'acc\u00e8s\n<\/br>\nHeure de la demande du serveur<\/br>\nAdresse IP<\/br>\nCes donn\u00e9es ne seront pas fusionn\u00e9es avec d'autres sources de donn\u00e9es. <\/br>\nLa base du traitement des donn\u00e9es est l'article 6, paragraphe 1, lettre b du RGPD, qui autorise le traitement des donn\u00e9es pour l'ex\u00e9cution d'un contrat ou de mesures pr\u00e9contractuelles.\n\n<\/p><\/div><\/div>\t\t\t\t<\/div>\n\t\t\t\t<\/div>\n\t\t\t\t<div class=\"elementor-element elementor-element-8378d7a elementor-vertical-align-top elementor-widget elementor-widget-image-box\" data-id=\"8378d7a\" data-element_type=\"widget\" data-widget_type=\"image-box.default\">\n\t\t\t\t<div class=\"elementor-widget-container\">\n\t\t\t\t\t<div class=\"elementor-image-box-wrapper\"><div class=\"elementor-image-box-content\"><h3 class=\"elementor-image-box-title\">4. Plugins et outils<\/h3><p class=\"elementor-image-box-description\"><h5>Google Maps<\/h5>\nCe site utilise le service de cartographie Google Maps via une API. Le fournisseur est Google Inc. 1600 Amphitheater Parkway, Mountain View, CA 94043, USA. Pour pouvoir utiliser les fonctions de Google Maps, il est n\u00e9cessaire d'enregistrer votre adresse IP. Ces informations sont g\u00e9n\u00e9ralement transmises \u00e0 un serveur de Google aux \u00c9tats-Unis et y sont stock\u00e9es. Le fournisseur de ce site n'a aucune influence sur ce transfert de donn\u00e9es.<\/br>\nL'utilisation de Google Maps est dans l'int\u00e9r\u00eat d'une pr\u00e9sentation attrayante de nos offres en ligne et pour faciliter la recherche des lieux que nous indiquons sur le site Web. Il s'agit d'un int\u00e9r\u00eat l\u00e9gitime au sens de l'article 6, paragraphe 1, lettre f du RGPD.\n<\/br>\nVous trouverez plus d'informations sur le traitement des donn\u00e9es des utilisateurs dans la politique de confidentialit\u00e9 de Google : \u00a0<a href=\"https:\/\/www.google.de\/intl\/de\/policies\/privacy\/\">https:\/\/www.google.de\/intl\/de\/policies\/privacy\/<\/a>\n\n\n<\/p><\/div><\/div>\t\t\t\t<\/div>\n\t\t\t\t<\/div>\n\t\t\t\t\t<\/div>\n\t\t<\/div>\n\t\t\t\t\t<\/div>\n\t\t<\/section>\n\t\t\t\t<\/div>","protected":false},"excerpt":{"rendered":"<p>Politique de confidentialit\u00e9 1. La protection des donn\u00e9es en un coup d'\u0153il Informations g\u00e9n\u00e9rales Les informations suivantes donnent un aper\u00e7u simple de ce qu'il advient de vos donn\u00e9es personnelles lorsque vous visitez notre site web. Les donn\u00e9es personnelles sont toutes les donn\u00e9es qui peuvent \u00eatre utilis\u00e9es pour vous identifier personnellement. Vous trouverez des informations d\u00e9taill\u00e9es sur la protection des donn\u00e9es dans notre [...]<\/p>","protected":false},"author":1,"featured_media":0,"parent":0,"menu_order":0,"comment_status":"closed","ping_status":"closed","template":"elementor_header_footer","meta":{"site-sidebar-layout":"no-sidebar","site-content-layout":"","ast-site-content-layout":"full-width-container","site-content-style":"default","site-sidebar-style":"default","ast-global-header-display":"","ast-banner-title-visibility":"","ast-main-header-display":"","ast-hfb-above-header-display":"","ast-hfb-below-header-display":"","ast-hfb-mobile-header-display":"","site-post-title":"disabled","ast-breadcrumbs-content":"","ast-featured-img":"disabled","footer-sml-layout":"","theme-transparent-header-meta":"","adv-header-id-meta":"","stick-header-meta":"","header-above-stick-meta":"","header-main-stick-meta":"","header-below-stick-meta":"","astra-migrate-meta-layouts":"default","ast-page-background-enabled":"default","ast-page-background-meta":{"desktop":{"background-color":"var(--ast-global-color-4)","background-image":"","background-repeat":"repeat","background-position":"center center","background-size":"auto","background-attachment":"scroll","background-type":"","background-media":"","overlay-type":"","overlay-color":"","overlay-opacity":"","overlay-gradient":""},"tablet":{"background-color":"","background-image":"","background-repeat":"repeat","background-position":"center center","background-size":"auto","background-attachment":"scroll","background-type":"","background-media":"","overlay-type":"","overlay-color":"","overlay-opacity":"","overlay-gradient":""},"mobile":{"background-color":"","background-image":"","background-repeat":"repeat","background-position":"center center","background-size":"auto","background-attachment":"scroll","background-type":"","background-media":"","overlay-type":"","overlay-color":"","overlay-opacity":"","overlay-gradient":""}},"ast-content-background-meta":{"desktop":{"background-color":"var(--ast-global-color-5)","background-image":"","background-repeat":"repeat","background-position":"center center","background-size":"auto","background-attachment":"scroll","background-type":"","background-media":"","overlay-type":"","overlay-color":"","overlay-opacity":"","overlay-gradient":""},"tablet":{"background-color":"var(--ast-global-color-5)","background-image":"","background-repeat":"repeat","background-position":"center center","background-size":"auto","background-attachment":"scroll","background-type":"","background-media":"","overlay-type":"","overlay-color":"","overlay-opacity":"","overlay-gradient":""},"mobile":{"background-color":"var(--ast-global-color-5)","background-image":"","background-repeat":"repeat","background-position":"center center","background-size":"auto","background-attachment":"scroll","background-type":"","background-media":"","overlay-type":"","overlay-color":"","overlay-opacity":"","overlay-gradient":""}},"footnotes":""},"class_list":["post-506","page","type-page","status-publish","hentry"],"_links":{"self":[{"href":"https:\/\/docnet24.com\/fr\/wp-json\/wp\/v2\/pages\/506","targetHints":{"allow":["GET"]}}],"collection":[{"href":"https:\/\/docnet24.com\/fr\/wp-json\/wp\/v2\/pages"}],"about":[{"href":"https:\/\/docnet24.com\/fr\/wp-json\/wp\/v2\/types\/page"}],"author":[{"embeddable":true,"href":"https:\/\/docnet24.com\/fr\/wp-json\/wp\/v2\/users\/1"}],"replies":[{"embeddable":true,"href":"https:\/\/docnet24.com\/fr\/wp-json\/wp\/v2\/comments?post=506"}],"version-history":[{"count":10,"href":"https:\/\/docnet24.com\/fr\/wp-json\/wp\/v2\/pages\/506\/revisions"}],"predecessor-version":[{"id":532,"href":"https:\/\/docnet24.com\/fr\/wp-json\/wp\/v2\/pages\/506\/revisions\/532"}],"wp:attachment":[{"href":"https:\/\/docnet24.com\/fr\/wp-json\/wp\/v2\/media?parent=506"}],"curies":[{"name":"wp","href":"https:\/\/api.w.org\/{rel}","templated":true}]}}