{"id":508,"date":"2024-02-15T11:05:23","date_gmt":"2024-02-15T10:05:23","guid":{"rendered":"https:\/\/docnet24.com\/?page_id=508"},"modified":"2024-02-15T19:27:25","modified_gmt":"2024-02-15T18:27:25","slug":"terms-and-conditions","status":"publish","type":"page","link":"https:\/\/docnet24.com\/fr\/conditions-generales\/","title":{"rendered":"Conditions g\u00e9n\u00e9rales d'utilisation"},"content":{"rendered":"<div data-elementor-type=\"wp-page\" data-elementor-id=\"508\" class=\"elementor elementor-508\" data-elementor-settings=\"{&quot;element_pack_global_tooltip_width&quot;:{&quot;unit&quot;:&quot;px&quot;,&quot;size&quot;:&quot;&quot;,&quot;sizes&quot;:[]},&quot;element_pack_global_tooltip_width_tablet&quot;:{&quot;unit&quot;:&quot;px&quot;,&quot;size&quot;:&quot;&quot;,&quot;sizes&quot;:[]},&quot;element_pack_global_tooltip_width_mobile&quot;:{&quot;unit&quot;:&quot;px&quot;,&quot;size&quot;:&quot;&quot;,&quot;sizes&quot;:[]},&quot;element_pack_global_tooltip_padding&quot;:{&quot;unit&quot;:&quot;px&quot;,&quot;top&quot;:&quot;&quot;,&quot;right&quot;:&quot;&quot;,&quot;bottom&quot;:&quot;&quot;,&quot;left&quot;:&quot;&quot;,&quot;isLinked&quot;:true},&quot;element_pack_global_tooltip_padding_tablet&quot;:{&quot;unit&quot;:&quot;px&quot;,&quot;top&quot;:&quot;&quot;,&quot;right&quot;:&quot;&quot;,&quot;bottom&quot;:&quot;&quot;,&quot;left&quot;:&quot;&quot;,&quot;isLinked&quot;:true},&quot;element_pack_global_tooltip_padding_mobile&quot;:{&quot;unit&quot;:&quot;px&quot;,&quot;top&quot;:&quot;&quot;,&quot;right&quot;:&quot;&quot;,&quot;bottom&quot;:&quot;&quot;,&quot;left&quot;:&quot;&quot;,&quot;isLinked&quot;:true},&quot;element_pack_global_tooltip_border_radius&quot;:{&quot;unit&quot;:&quot;px&quot;,&quot;top&quot;:&quot;&quot;,&quot;right&quot;:&quot;&quot;,&quot;bottom&quot;:&quot;&quot;,&quot;left&quot;:&quot;&quot;,&quot;isLinked&quot;:true},&quot;element_pack_global_tooltip_border_radius_tablet&quot;:{&quot;unit&quot;:&quot;px&quot;,&quot;top&quot;:&quot;&quot;,&quot;right&quot;:&quot;&quot;,&quot;bottom&quot;:&quot;&quot;,&quot;left&quot;:&quot;&quot;,&quot;isLinked&quot;:true},&quot;element_pack_global_tooltip_border_radius_mobile&quot;:{&quot;unit&quot;:&quot;px&quot;,&quot;top&quot;:&quot;&quot;,&quot;right&quot;:&quot;&quot;,&quot;bottom&quot;:&quot;&quot;,&quot;left&quot;:&quot;&quot;,&quot;isLinked&quot;:true}}\" data-elementor-post-type=\"page\">\n\t\t\t\t\t\t<section class=\"elementor-section elementor-top-section elementor-element elementor-element-9a04685 elementor-section-content-top elementor-section-boxed elementor-section-height-default elementor-section-height-default\" data-id=\"9a04685\" data-element_type=\"section\" data-settings=\"{&quot;background_background&quot;:&quot;classic&quot;}\">\n\t\t\t\t\t\t\t<div class=\"elementor-background-overlay\"><\/div>\n\t\t\t\t\t\t\t<div class=\"elementor-container elementor-column-gap-no\">\n\t\t\t\t\t<div class=\"elementor-column elementor-col-100 elementor-top-column elementor-element elementor-element-953f176\" data-id=\"953f176\" data-element_type=\"column\">\n\t\t\t<div class=\"elementor-widget-wrap elementor-element-populated\">\n\t\t\t\t\t\t<div class=\"elementor-element elementor-element-ad4df22 elementor-widget elementor-widget-heading\" data-id=\"ad4df22\" data-element_type=\"widget\" data-widget_type=\"heading.default\">\n\t\t\t\t<div class=\"elementor-widget-container\">\n\t\t\t\t\t<h2 class=\"elementor-heading-title elementor-size-default\">Conditions g\u00e9n\u00e9rales (AGB)<\/h2>\t\t\t\t<\/div>\n\t\t\t\t<\/div>\n\t\t\t\t\t<\/div>\n\t\t<\/div>\n\t\t\t\t\t<\/div>\n\t\t<\/section>\n\t\t\t\t<section class=\"elementor-section elementor-top-section elementor-element elementor-element-5434e72 elementor-section-content-top elementor-section-boxed elementor-section-height-default elementor-section-height-default\" data-id=\"5434e72\" data-element_type=\"section\" data-settings=\"{&quot;background_background&quot;:&quot;classic&quot;}\">\n\t\t\t\t\t\t\t<div class=\"elementor-background-overlay\"><\/div>\n\t\t\t\t\t\t\t<div class=\"elementor-container elementor-column-gap-no\">\n\t\t\t\t\t<div class=\"elementor-column elementor-col-100 elementor-top-column elementor-element elementor-element-ec05de0\" data-id=\"ec05de0\" data-element_type=\"column\">\n\t\t\t<div class=\"elementor-widget-wrap elementor-element-populated\">\n\t\t\t\t\t\t<div class=\"elementor-element elementor-element-4cd6931 elementor-vertical-align-top elementor-widget elementor-widget-image-box\" data-id=\"4cd6931\" data-element_type=\"widget\" data-widget_type=\"image-box.default\">\n\t\t\t\t<div class=\"elementor-widget-container\">\n\t\t\t\t\t<div class=\"elementor-image-box-wrapper\"><div class=\"elementor-image-box-content\"><h3 class=\"elementor-image-box-title\">1. Champ d'application<\/h3><p class=\"elementor-image-box-description\">a) Praxisgemeinschaft Dr.-med. Ileana Vogel et Dr. Anca Calciu fournit ses services, prestations et livraisons exclusivement sur la base des pr\u00e9sentes conditions g\u00e9n\u00e9rales, sauf stipulation contraire dans les contrats individuels. Les conditions sont consid\u00e9r\u00e9es comme accept\u00e9es au plus tard lorsque la commande est pass\u00e9e et s'appliquent \u00e9galement \u00e0 toutes les relations d'affaires futures, m\u00eame si elles ne sont pas express\u00e9ment convenues et pr\u00e9sent\u00e9es \u00e0 nouveau.<\/br>\nLes conditions g\u00e9n\u00e9rales du client ne sont pas applicables, \u00e0 moins qu'elles ne soient express\u00e9ment reconnues par \u00e9crit par la Praxisgemeinschaft Dr.-med. Ileana Vogel et Dr. Anca Calciu.<\/br>\n<\/br>\nb) Toutes les d\u00e9clarations relatives au contrat doivent \u00eatre faites par \u00e9crit. Les employ\u00e9s de la Praxisgemeinschaft Dr.-med. Ileana Vogel et Dr. Anca Calciu ne sont pas autoris\u00e9s \u00e0 conclure des accords verbaux suppl\u00e9mentaires qui vont au-del\u00e0 du contenu du contrat respectif, y compris les pr\u00e9sentes conditions.<\/br>\n<\/br>\nc) Praxisgemeinschaft Dr.-med. Ileana Vogel et Dr. Anca Calciu a le droit de modifier ou de compl\u00e9ter les pr\u00e9sentes \"Conditions g\u00e9n\u00e9rales\" \u00e0 tout moment, moyennant un pr\u00e9avis appropri\u00e9. Si le client ne s'y oppose pas dans les deux semaines suivant la r\u00e9ception de la notification de modification, celle-ci entrera en vigueur telle qu'annonc\u00e9e. Si le client s'y oppose dans les d\u00e9lais, Science-IT Consulting GmbH est en droit de r\u00e9silier le contrat au moment o\u00f9 les conditions modifi\u00e9es doivent entrer en vigueur.<\/p><\/div><\/div>\t\t\t\t<\/div>\n\t\t\t\t<\/div>\n\t\t\t\t<div class=\"elementor-element elementor-element-64930fb elementor-vertical-align-top elementor-widget elementor-widget-image-box\" data-id=\"64930fb\" data-element_type=\"widget\" data-widget_type=\"image-box.default\">\n\t\t\t\t<div class=\"elementor-widget-container\">\n\t\t\t\t\t<div class=\"elementor-image-box-wrapper\"><div class=\"elementor-image-box-content\"><h3 class=\"elementor-image-box-title\">2. Conclusion du contrat<\/h3><p class=\"elementor-image-box-description\">a) Le contrat est conclu \u00e0 moins que Praxisgemeinschaft Dr.-med. Ileana Vogel et Dr. Anca Calciu rejettent imm\u00e9diatement le contrat conclu.<\/br>\n<\/br>\nb) Si les services de tiers sont n\u00e9cessaires pour fournir le service, ils ne deviendront pas des partenaires contractuels du client. En outre, il n'existe aucune relation contractuelle entre les clients de Praxisgemeinschaft Dr.-med. Ileana Vogel et Dr. Anca Calciu sur la seule base de l'utilisation partag\u00e9e des services.\n<\/p><\/div><\/div>\t\t\t\t<\/div>\n\t\t\t\t<\/div>\n\t\t\t\t<div class=\"elementor-element elementor-element-960d8a9 elementor-vertical-align-top elementor-widget elementor-widget-image-box\" data-id=\"960d8a9\" data-element_type=\"widget\" data-widget_type=\"image-box.default\">\n\t\t\t\t<div class=\"elementor-widget-container\">\n\t\t\t\t\t<div class=\"elementor-image-box-wrapper\"><div class=\"elementor-image-box-content\"><h3 class=\"elementor-image-box-title\">3. L'\u00e9tendue des services<\/h3><p class=\"elementor-image-box-description\">a) Le champ d'application r\u00e9sulte du contrat respectif conform\u00e9ment \u00e0 la description du service ou du service d\u00e9fini individuellement et convenu avec le client. L'acceptation du service se fait par la signature du client sur le formulaire de remise.<\/br>\n<\/br>\nb) Praxisgemeinschaft Dr.-med. Ileana Vogel et Dr. Anca Calciu se r\u00e9servent le droit de modifier, d'\u00e9tendre et d'am\u00e9liorer les services en consultation avec le client.<\/br>\n<\/br>\nc) Les solutions logicielles, les scripts, les dessins, les mises en page, les syst\u00e8mes et les produits comparables restent la propri\u00e9t\u00e9 de la Praxisgemeinschaft Dr.-med. Ileana Vogel et Dr. Anca Calciu, m\u00eame s'ils sont d\u00e9velopp\u00e9s pour le compte du client, \u00e0 moins que l'achat et le transfert au client n'aient \u00e9t\u00e9 explicitement convenus.<\/br>\n<\/br>\nd) Si Praxisgemeinschaft Dr.-med. Ileana Vogel et Dr. Anca Calciu fournissent un service gratuit, celui-ci peut \u00eatre interrompu \u00e0 tout moment, sans pr\u00e9avis, sans que le client puisse pr\u00e9tendre \u00e0 quoi que ce soit.<\/p><\/div><\/div>\t\t\t\t<\/div>\n\t\t\t\t<\/div>\n\t\t\t\t<div class=\"elementor-element elementor-element-17253ee elementor-vertical-align-top elementor-widget elementor-widget-image-box\" data-id=\"17253ee\" data-element_type=\"widget\" data-widget_type=\"image-box.default\">\n\t\t\t\t<div class=\"elementor-widget-container\">\n\t\t\t\t\t<div class=\"elementor-image-box-wrapper\"><div class=\"elementor-image-box-content\"><h3 class=\"elementor-image-box-title\">4. Livraison et lieu d'ex\u00e9cution<\/h3><p class=\"elementor-image-box-description\">a) Le lieu d'ex\u00e9cution des obligations relatives \u00e0 la Praxisgemeinschaft Dr.-med. Ileana Vogel et Dr. Anca Calciu est le si\u00e8ge de Praxisgemeinschaft Dr.-med. Ileana Vogel et Dr. Anca Calciu. Si la Praxisgemeinschaft Dr.-med. Ileana Vogel et Dr. Anca Calciu livrent ou exp\u00e9dient des services ou des marchandises, la livraison a lieu aux risques et aux frais du partenaire contractuel. Les d\u00e9lais de livraison sont approximatifs et non contraignants.<\/br>\n<\/br>\nb) Les livraisons partielles sont autoris\u00e9es et ne peuvent \u00eatre refus\u00e9es par le partenaire contractuel si une livraison restante est encore effectu\u00e9e ou si la livraison partielle n'est pas sans int\u00e9r\u00eat pour le partenaire contractuel. Si Praxisgemeinschaft Dr.-med. Ileana Vogel et Dr. Anca Calciu, le partenaire contractuel doit fixer un d\u00e9lai de gr\u00e2ce raisonnable d'au moins 4 semaines avant de pouvoir exercer ses droits conform\u00e9ment \u00e0 l'article 326 du code civil allemand (BGB).<\/p><\/div><\/div>\t\t\t\t<\/div>\n\t\t\t\t<\/div>\n\t\t\t\t<div class=\"elementor-element elementor-element-d713ed8 elementor-vertical-align-top elementor-widget elementor-widget-image-box\" data-id=\"d713ed8\" data-element_type=\"widget\" data-widget_type=\"image-box.default\">\n\t\t\t\t<div class=\"elementor-widget-container\">\n\t\t\t\t\t<div class=\"elementor-image-box-wrapper\"><div class=\"elementor-image-box-content\"><h3 class=\"elementor-image-box-title\">5. Conditions de paiement<\/h3><p class=\"elementor-image-box-description\">a) Les services fournis ou les produits livr\u00e9s par la Praxisgemeinschaft Dr.-med. Ileana Vogel et Dr. Anca Calciu sont payables sans d\u00e9duction au plus tard 10 jours apr\u00e8s la date de facturation. Les accords divergents doivent \u00eatre conclus par \u00e9crit.<\/br>\n<\/br>\nb) Si un partenaire contractuel est en retard de paiement, Praxisgemeinschaft Dr.-med. Ileana Vogel et Dr.-medic. Anca Calciu sont en droit de facturer des int\u00e9r\u00eats de retard de 5% au-dessus du taux d'escompte de la Bundesbank allemande.<\/p><\/div><\/div>\t\t\t\t<\/div>\n\t\t\t\t<\/div>\n\t\t\t\t<div class=\"elementor-element elementor-element-2fb5e7e elementor-vertical-align-top elementor-widget elementor-widget-image-box\" data-id=\"2fb5e7e\" data-element_type=\"widget\" data-widget_type=\"image-box.default\">\n\t\t\t\t<div class=\"elementor-widget-container\">\n\t\t\t\t\t<div class=\"elementor-image-box-wrapper\"><div class=\"elementor-image-box-content\"><h3 class=\"elementor-image-box-title\">6. Garantie et notification des d\u00e9fauts<\/h3><p class=\"elementor-image-box-description\">a) Les dispositions l\u00e9gales s'appliquent aux r\u00e9clamations des commer\u00e7ants. Dans le cas contraire, les d\u00e9fauts \u00e9vidents doivent \u00eatre signal\u00e9s \u00e0 Praxisgemeinschaft Dr.-med. Ileana Vogel et Dr. Anca Calciu par \u00e9crit dans un d\u00e9lai de 14 jours. Dans le cas contraire, aucun droit \u00e0 la garantie ne pourra \u00eatre invoqu\u00e9.<\/br>\n<\/br>\nb) Praxisgemeinschaft Dr.-med. Ileana Vogel et Dr. Anca Calciu offrent une garantie en r\u00e9parant le d\u00e9faut, en tout ou en partie, gratuitement ou en fournissant une livraison de remplacement gratuite, \u00e0 leur discr\u00e9tion. Si deux tentatives de r\u00e9paration ou de livraison ult\u00e9rieure \u00e9chouent, le partenaire contractuel est en droit, \u00e0 sa discr\u00e9tion, d'exiger une r\u00e9duction ou une annulation.<\/br>\n<\/br>\nc) Alternativement, Praxisgemeinschaft Dr.-med. Ileana Vogel et Dr. Anca Calciu peuvent demander que le service\/produit d\u00e9fectueux soit envoy\u00e9 \u00e0 Praxisgemeinschaft Dr.-med. Ileana Vogel et Dr. Anca Calciu pour r\u00e9paration ou que le client mette le produit\/service d\u00e9fectueux \u00e0 disposition pour r\u00e9paration.<\/br>\n<\/br>\nd) L'obligation de garantie expire si le client effectue des travaux, des r\u00e9parations ou des interventions sans l'accord \u00e9crit de Praxisgemeinschaft Dr.-med. Ileana Vogel et Dr. Anca Calciu.\n<\/p><\/div><\/div>\t\t\t\t<\/div>\n\t\t\t\t<\/div>\n\t\t\t\t<div class=\"elementor-element elementor-element-162fce8 elementor-vertical-align-top elementor-widget elementor-widget-image-box\" data-id=\"162fce8\" data-element_type=\"widget\" data-widget_type=\"image-box.default\">\n\t\t\t\t<div class=\"elementor-widget-container\">\n\t\t\t\t\t<div class=\"elementor-image-box-wrapper\"><div class=\"elementor-image-box-content\"><h3 class=\"elementor-image-box-title\">7. Maintien de la propri\u00e9t\u00e9<\/h3><p class=\"elementor-image-box-description\">Les services, produits ou biens livr\u00e9s restent la propri\u00e9t\u00e9 de Praxisgemeinschaft Dr.-med. Ileana Vogel et Dr. Anca Calciu en tant que biens r\u00e9serv\u00e9s jusqu'au paiement int\u00e9gral du prix d'achat et au r\u00e8glement de toutes les cr\u00e9ances d\u00e9coulant de la relation d'affaires.<\/p><\/div><\/div>\t\t\t\t<\/div>\n\t\t\t\t<\/div>\n\t\t\t\t<div class=\"elementor-element elementor-element-b8ae50b elementor-vertical-align-top elementor-widget elementor-widget-image-box\" data-id=\"b8ae50b\" data-element_type=\"widget\" data-widget_type=\"image-box.default\">\n\t\t\t\t<div class=\"elementor-widget-container\">\n\t\t\t\t\t<div class=\"elementor-image-box-wrapper\"><div class=\"elementor-image-box-content\"><h3 class=\"elementor-image-box-title\">8. Clause de responsabilit\u00e9<\/h3><p class=\"elementor-image-box-description\">a) Praxisgemeinschaft Dr.-med. Ileana Vogel et Dr. Anca Calciu ne sont responsables que des dommages caus\u00e9s par eux ou par un auxiliaire d'ex\u00e9cution par n\u00e9gligence grave ou intentionnellement, \u00e0 moins qu'il ne s'agisse de biens garantis.<\/br>\n<\/br>\nb) En outre, la Praxisgemeinschaft Dr.-med. Ileana Vogel et Dr. Anca Calciu ne sont pas responsables des dommages indirects, en particulier du point de vue de la violation positive du contrat, \u00e0 moins que le dommage ne rel\u00e8ve de l'assurance d'un bien garanti. Praxisgemeinschaft Dr.-med. Ileana Vogel et Dr. Anca Calciu ne sont pas responsables des dommages qui ne sont pas pr\u00e9visibles ou dont le client est responsable. La responsabilit\u00e9 de la Praxisgemeinschaft Dr.-med. Ileana Vogel et Dr. Anca Calciu en vertu de la loi sur la responsabilit\u00e9 du fait des produits n'en est pas affect\u00e9e.<\/p><\/div><\/div>\t\t\t\t<\/div>\n\t\t\t\t<\/div>\n\t\t\t\t<div class=\"elementor-element elementor-element-dffdd6d elementor-vertical-align-top elementor-widget elementor-widget-image-box\" data-id=\"dffdd6d\" data-element_type=\"widget\" data-widget_type=\"image-box.default\">\n\t\t\t\t<div class=\"elementor-widget-container\">\n\t\t\t\t\t<div class=\"elementor-image-box-wrapper\"><div class=\"elementor-image-box-content\"><h3 class=\"elementor-image-box-title\">9. Protection des donn\u00e9es<\/h3><p class=\"elementor-image-box-description\">Note selon \u00a7 33 BDSG : Praxisgemeinschaft Dr.-med. Ileana Vogel et Dr. Anca Calciu conservent les donn\u00e9es n\u00e9cessaires pour assurer le bon fonctionnement de l'entreprise. Les donn\u00e9es personnelles transmises \u00e0 Praxisgemeinschaft Dr.-med. Ileana Vogel et Dr. Anca Calciu seront trait\u00e9es de mani\u00e8re strictement confidentielle.<\/p><\/div><\/div>\t\t\t\t<\/div>\n\t\t\t\t<\/div>\n\t\t\t\t<div class=\"elementor-element elementor-element-098df23 elementor-vertical-align-top elementor-widget elementor-widget-image-box\" data-id=\"098df23\" data-element_type=\"widget\" data-widget_type=\"image-box.default\">\n\t\t\t\t<div class=\"elementor-widget-container\">\n\t\t\t\t\t<div class=\"elementor-image-box-wrapper\"><div class=\"elementor-image-box-content\"><h3 class=\"elementor-image-box-title\">10. Lieu de juridiction<\/h3><p class=\"elementor-image-box-description\">Le lieu de juridiction pour tous les contrats conclus avec Praxisgemeinschaft Dr.-med. Ileana Vogel et Dr. Anca Calciu est 61250 Usingen.<\/p><\/div><\/div>\t\t\t\t<\/div>\n\t\t\t\t<\/div>\n\t\t\t\t\t<\/div>\n\t\t<\/div>\n\t\t\t\t\t<\/div>\n\t\t<\/section>\n\t\t\t\t<\/div>","protected":false},"excerpt":{"rendered":"<p>General Terms and Conditions (AGB) 1. Scope a) Praxisgemeinschaft Dr.-med. Ileana Vogel and Dr.-medic. Anca Calciu provides its services, benefits and deliveries exclusively on the basis of these terms and conditions, unless otherwise stipulated in individual contracts. The conditions are considered accepted at the latest when the order is placed and also apply to all [&hellip;]<\/p>","protected":false},"author":1,"featured_media":0,"parent":0,"menu_order":0,"comment_status":"closed","ping_status":"closed","template":"elementor_header_footer","meta":{"site-sidebar-layout":"no-sidebar","site-content-layout":"","ast-site-content-layout":"full-width-container","site-content-style":"default","site-sidebar-style":"default","ast-global-header-display":"","ast-banner-title-visibility":"","ast-main-header-display":"","ast-hfb-above-header-display":"","ast-hfb-below-header-display":"","ast-hfb-mobile-header-display":"","site-post-title":"disabled","ast-breadcrumbs-content":"","ast-featured-img":"disabled","footer-sml-layout":"","theme-transparent-header-meta":"","adv-header-id-meta":"","stick-header-meta":"","header-above-stick-meta":"","header-main-stick-meta":"","header-below-stick-meta":"","astra-migrate-meta-layouts":"default","ast-page-background-enabled":"default","ast-page-background-meta":{"desktop":{"background-color":"var(--ast-global-color-4)","background-image":"","background-repeat":"repeat","background-position":"center center","background-size":"auto","background-attachment":"scroll","background-type":"","background-media":"","overlay-type":"","overlay-color":"","overlay-opacity":"","overlay-gradient":""},"tablet":{"background-color":"","background-image":"","background-repeat":"repeat","background-position":"center center","background-size":"auto","background-attachment":"scroll","background-type":"","background-media":"","overlay-type":"","overlay-color":"","overlay-opacity":"","overlay-gradient":""},"mobile":{"background-color":"","background-image":"","background-repeat":"repeat","background-position":"center center","background-size":"auto","background-attachment":"scroll","background-type":"","background-media":"","overlay-type":"","overlay-color":"","overlay-opacity":"","overlay-gradient":""}},"ast-content-background-meta":{"desktop":{"background-color":"var(--ast-global-color-5)","background-image":"","background-repeat":"repeat","background-position":"center center","background-size":"auto","background-attachment":"scroll","background-type":"","background-media":"","overlay-type":"","overlay-color":"","overlay-opacity":"","overlay-gradient":""},"tablet":{"background-color":"var(--ast-global-color-5)","background-image":"","background-repeat":"repeat","background-position":"center center","background-size":"auto","background-attachment":"scroll","background-type":"","background-media":"","overlay-type":"","overlay-color":"","overlay-opacity":"","overlay-gradient":""},"mobile":{"background-color":"var(--ast-global-color-5)","background-image":"","background-repeat":"repeat","background-position":"center center","background-size":"auto","background-attachment":"scroll","background-type":"","background-media":"","overlay-type":"","overlay-color":"","overlay-opacity":"","overlay-gradient":""}},"footnotes":""},"class_list":["post-508","page","type-page","status-publish","hentry"],"_links":{"self":[{"href":"https:\/\/docnet24.com\/fr\/wp-json\/wp\/v2\/pages\/508","targetHints":{"allow":["GET"]}}],"collection":[{"href":"https:\/\/docnet24.com\/fr\/wp-json\/wp\/v2\/pages"}],"about":[{"href":"https:\/\/docnet24.com\/fr\/wp-json\/wp\/v2\/types\/page"}],"author":[{"embeddable":true,"href":"https:\/\/docnet24.com\/fr\/wp-json\/wp\/v2\/users\/1"}],"replies":[{"embeddable":true,"href":"https:\/\/docnet24.com\/fr\/wp-json\/wp\/v2\/comments?post=508"}],"version-history":[{"count":34,"href":"https:\/\/docnet24.com\/fr\/wp-json\/wp\/v2\/pages\/508\/revisions"}],"predecessor-version":[{"id":566,"href":"https:\/\/docnet24.com\/fr\/wp-json\/wp\/v2\/pages\/508\/revisions\/566"}],"wp:attachment":[{"href":"https:\/\/docnet24.com\/fr\/wp-json\/wp\/v2\/media?parent=508"}],"curies":[{"name":"wp","href":"https:\/\/api.w.org\/{rel}","templated":true}]}}