{"id":510,"date":"2024-02-15T11:05:49","date_gmt":"2024-02-15T10:05:49","guid":{"rendered":"https:\/\/docnet24.com\/?page_id=510"},"modified":"2024-03-07T16:41:29","modified_gmt":"2024-03-07T15:41:29","slug":"imprint","status":"publish","type":"page","link":"https:\/\/docnet24.com\/fr\/impression\/","title":{"rendered":"Impression"},"content":{"rendered":"<div data-elementor-type=\"wp-page\" data-elementor-id=\"510\" class=\"elementor elementor-510\" data-elementor-settings=\"{&quot;element_pack_global_tooltip_width&quot;:{&quot;unit&quot;:&quot;px&quot;,&quot;size&quot;:&quot;&quot;,&quot;sizes&quot;:[]},&quot;element_pack_global_tooltip_width_tablet&quot;:{&quot;unit&quot;:&quot;px&quot;,&quot;size&quot;:&quot;&quot;,&quot;sizes&quot;:[]},&quot;element_pack_global_tooltip_width_mobile&quot;:{&quot;unit&quot;:&quot;px&quot;,&quot;size&quot;:&quot;&quot;,&quot;sizes&quot;:[]},&quot;element_pack_global_tooltip_padding&quot;:{&quot;unit&quot;:&quot;px&quot;,&quot;top&quot;:&quot;&quot;,&quot;right&quot;:&quot;&quot;,&quot;bottom&quot;:&quot;&quot;,&quot;left&quot;:&quot;&quot;,&quot;isLinked&quot;:true},&quot;element_pack_global_tooltip_padding_tablet&quot;:{&quot;unit&quot;:&quot;px&quot;,&quot;top&quot;:&quot;&quot;,&quot;right&quot;:&quot;&quot;,&quot;bottom&quot;:&quot;&quot;,&quot;left&quot;:&quot;&quot;,&quot;isLinked&quot;:true},&quot;element_pack_global_tooltip_padding_mobile&quot;:{&quot;unit&quot;:&quot;px&quot;,&quot;top&quot;:&quot;&quot;,&quot;right&quot;:&quot;&quot;,&quot;bottom&quot;:&quot;&quot;,&quot;left&quot;:&quot;&quot;,&quot;isLinked&quot;:true},&quot;element_pack_global_tooltip_border_radius&quot;:{&quot;unit&quot;:&quot;px&quot;,&quot;top&quot;:&quot;&quot;,&quot;right&quot;:&quot;&quot;,&quot;bottom&quot;:&quot;&quot;,&quot;left&quot;:&quot;&quot;,&quot;isLinked&quot;:true},&quot;element_pack_global_tooltip_border_radius_tablet&quot;:{&quot;unit&quot;:&quot;px&quot;,&quot;top&quot;:&quot;&quot;,&quot;right&quot;:&quot;&quot;,&quot;bottom&quot;:&quot;&quot;,&quot;left&quot;:&quot;&quot;,&quot;isLinked&quot;:true},&quot;element_pack_global_tooltip_border_radius_mobile&quot;:{&quot;unit&quot;:&quot;px&quot;,&quot;top&quot;:&quot;&quot;,&quot;right&quot;:&quot;&quot;,&quot;bottom&quot;:&quot;&quot;,&quot;left&quot;:&quot;&quot;,&quot;isLinked&quot;:true}}\" data-elementor-post-type=\"page\">\n\t\t\t\t\t\t<section class=\"elementor-section elementor-top-section elementor-element elementor-element-f40822d elementor-section-content-top elementor-section-boxed elementor-section-height-default elementor-section-height-default\" data-id=\"f40822d\" data-element_type=\"section\" data-settings=\"{&quot;background_background&quot;:&quot;classic&quot;}\">\n\t\t\t\t\t\t\t<div class=\"elementor-background-overlay\"><\/div>\n\t\t\t\t\t\t\t<div class=\"elementor-container elementor-column-gap-no\">\n\t\t\t\t\t<div class=\"elementor-column elementor-col-100 elementor-top-column elementor-element elementor-element-1d3d847\" data-id=\"1d3d847\" data-element_type=\"column\">\n\t\t\t<div class=\"elementor-widget-wrap elementor-element-populated\">\n\t\t\t\t\t\t<div class=\"elementor-element elementor-element-d28ecca elementor-widget elementor-widget-heading\" data-id=\"d28ecca\" data-element_type=\"widget\" data-widget_type=\"heading.default\">\n\t\t\t\t<div class=\"elementor-widget-container\">\n\t\t\t\t\t<h2 class=\"elementor-heading-title elementor-size-default\">Impression<\/h2>\t\t\t\t<\/div>\n\t\t\t\t<\/div>\n\t\t\t\t<div class=\"elementor-element elementor-element-fb95821 elementor-widget elementor-widget-text-editor\" data-id=\"fb95821\" data-element_type=\"widget\" data-widget_type=\"text-editor.default\">\n\t\t\t\t<div class=\"elementor-widget-container\">\n\t\t\t\t\t\t\t\t\t<p>Informations conform\u00e9ment \u00e0 l'article 5 du TMG<\/p>\t\t\t\t\t\t\t\t<\/div>\n\t\t\t\t<\/div>\n\t\t\t\t\t<\/div>\n\t\t<\/div>\n\t\t\t\t\t<\/div>\n\t\t<\/section>\n\t\t\t\t<section class=\"elementor-section elementor-top-section elementor-element elementor-element-d874faf elementor-section-content-top elementor-section-boxed elementor-section-height-default elementor-section-height-default\" data-id=\"d874faf\" data-element_type=\"section\" data-settings=\"{&quot;background_background&quot;:&quot;classic&quot;}\">\n\t\t\t\t\t\t\t<div class=\"elementor-background-overlay\"><\/div>\n\t\t\t\t\t\t\t<div class=\"elementor-container elementor-column-gap-no\">\n\t\t\t\t\t<div class=\"elementor-column elementor-col-100 elementor-top-column elementor-element elementor-element-5b7a4f4\" data-id=\"5b7a4f4\" data-element_type=\"column\">\n\t\t\t<div class=\"elementor-widget-wrap elementor-element-populated\">\n\t\t\t\t\t\t<div class=\"elementor-element elementor-element-0b38853 elementor-vertical-align-top elementor-widget elementor-widget-image-box\" data-id=\"0b38853\" data-element_type=\"widget\" data-widget_type=\"image-box.default\">\n\t\t\t\t<div class=\"elementor-widget-container\">\n\t\t\t\t\t<div class=\"elementor-image-box-wrapper\"><div class=\"elementor-image-box-content\"><h3 class=\"elementor-image-box-title\">Praxisgemeinschaft<\/br>Dr. Ileana Vogel<\/br>Dr. Anca Calciu<\/h3><p class=\"elementor-image-box-description\">Hattsteiner Allee 14A<\/br>\n61250 Usingen<\/br>\n<\/br>\nRepr\u00e9sent\u00e9 par :<\/br>\n Dr. Ileana Vogel<\/br>\nDr. Anca Calciu<\/br>\n<\/br>\nD\u00e9l\u00e9gu\u00e9 \u00e0 la protection des donn\u00e9es :<\/br>\nIng\u00e9nieur dipl\u00f4m\u00e9 Lucian Gabriel Calciu\n<\/br>\n<\/br>\nContact :<\/br>\nTelefon : +49 (0) 176 626 45 791<\/br>\nCourrier \u00e9lectronique : info@docnet24.com<\/br>\n<\/p><\/div><\/div>\t\t\t\t<\/div>\n\t\t\t\t<\/div>\n\t\t\t\t<div class=\"elementor-element elementor-element-1755703 elementor-vertical-align-top elementor-widget elementor-widget-image-box\" data-id=\"1755703\" data-element_type=\"widget\" data-widget_type=\"image-box.default\">\n\t\t\t\t<div class=\"elementor-widget-container\">\n\t\t\t\t\t<div class=\"elementor-image-box-wrapper\"><div class=\"elementor-image-box-content\"><h3 class=\"elementor-image-box-title\">R\u00e9solution des litiges<\/h3><p class=\"elementor-image-box-description\">La Commission europ\u00e9enne met \u00e0 disposition une plateforme de r\u00e9solution des litiges en ligne (OS) : <a href=\"https:\/\/ec.europa.eu\/consumers\/odrl\">https:\/\/ec.europa.eu\/consumers\/odr<\/a><\/br>\n<\/br>\nVous trouverez notre adresse \u00e9lectronique dans l'avis juridique ci-dessus.<\/br>\nNous ne sommes pas dispos\u00e9s \u00e0 participer \u00e0 une proc\u00e9dure de r\u00e8glement des litiges devant une commission d'arbitrage des consommateurs et nous ne sommes pas tenus de le faire.<\/br><\/p><\/div><\/div>\t\t\t\t<\/div>\n\t\t\t\t<\/div>\n\t\t\t\t<div class=\"elementor-element elementor-element-54cce63 elementor-vertical-align-top elementor-widget elementor-widget-image-box\" data-id=\"54cce63\" data-element_type=\"widget\" data-widget_type=\"image-box.default\">\n\t\t\t\t<div class=\"elementor-widget-container\">\n\t\t\t\t\t<div class=\"elementor-image-box-wrapper\"><div class=\"elementor-image-box-content\"><h3 class=\"elementor-image-box-title\">Clause de non-responsabilit\u00e9<\/h3><p class=\"elementor-image-box-description\"><h6>Responsabilit\u00e9 du contenu<\/h6>\nEn tant que prestataire de services, nous sommes responsables de notre propre contenu sur ces pages, conform\u00e9ment \u00e0 l'article 7, paragraphe 1, de la TMG (loi allemande sur les t\u00e9l\u00e9m\u00e9dias) et aux lois g\u00e9n\u00e9rales. Conform\u00e9ment aux articles 8 \u00e0 10 de la TMG, nous ne sommes toutefois pas tenus, en tant que prestataire de services, de surveiller les informations transmises ou stock\u00e9es par des tiers, ni d'enqu\u00eater sur des circonstances indiquant une activit\u00e9 ill\u00e9gale. Les obligations de supprimer ou de bloquer l'utilisation des informations conform\u00e9ment \u00e0 la l\u00e9gislation g\u00e9n\u00e9rale n'en sont pas affect\u00e9es. Toutefois, la responsabilit\u00e9 \u00e0 cet \u00e9gard n'est possible qu'\u00e0 partir du moment o\u00f9 l'on a connaissance d'une infraction sp\u00e9cifique. D\u00e8s que nous aurons connaissance d'une telle infraction, nous retirerons imm\u00e9diatement ce contenu.<\/br>\n<\/br>\n<h6>Responsabilit\u00e9 des liens<\/h6>\nNotre site web contient des liens vers des sites web de tiers externes sur le contenu desquels nous n'avons aucune influence. Nous ne pouvons donc pas \u00eatre tenus responsables du contenu de ces sites tiers. Le fournisseur ou l'exploitant des pages est toujours responsable du contenu des pages li\u00e9es. Les pages li\u00e9es ont \u00e9t\u00e9 contr\u00f4l\u00e9es au moment de la mise en place des liens afin de d\u00e9tecter d'\u00e9ventuelles violations de la loi. Aucun contenu ill\u00e9gal n'a \u00e9t\u00e9 d\u00e9tect\u00e9 au moment de l'\u00e9tablissement des liens. Toutefois, un contr\u00f4le permanent du contenu des pages li\u00e9es n'est pas raisonnable en l'absence de preuves concr\u00e8tes d'une infraction. Si nous avons connaissance d'une violation de la loi, nous supprimerons imm\u00e9diatement les liens en question.<\/br>\n<\/br>\n<h6>Droit d'auteur<\/h6>\nLe contenu et les \u0153uvres cr\u00e9\u00e9s par les op\u00e9rateurs du site sur ces pages sont soumis \u00e0 la loi allemande sur les droits d'auteur. La reproduction, le traitement, la distribution et toute forme d'exploitation en dehors des limites de la loi sur les droits d'auteur n\u00e9cessitent l'accord \u00e9crit de l'auteur ou du cr\u00e9ateur concern\u00e9. Les t\u00e9l\u00e9chargements et les copies de ce site ne sont autoris\u00e9s que pour un usage priv\u00e9 et non commercial. Dans la mesure o\u00f9 le contenu de ce site n'a pas \u00e9t\u00e9 cr\u00e9\u00e9 par l'op\u00e9rateur, les droits d'auteur de tiers sont respect\u00e9s. Les contenus de tiers sont notamment identifi\u00e9s comme tels. Si vous avez n\u00e9anmoins connaissance d'une violation des droits d'auteur, veuillez nous en informer. Si nous avons connaissance d'une infraction, nous supprimerons imm\u00e9diatement le contenu en question.<\/p><\/div><\/div>\t\t\t\t<\/div>\n\t\t\t\t<\/div>\n\t\t\t\t\t<\/div>\n\t\t<\/div>\n\t\t\t\t\t<\/div>\n\t\t<\/section>\n\t\t\t\t<\/div>","protected":false},"excerpt":{"rendered":"<p>Imprint Information according to \u00a7 5 TMG PraxisgemeinschaftDr.-med. Ileana VogelDr.-medic. Anca Calciu Hattsteiner Allee 14A 61250 Usingen Represented by: Dr.-med. Ileana Vogel Dr.-medic. Anca Calciu Data protection officer: Dipl-Eng. Lucian Gabriel Calciu Contact: Telefon: +49 (0) 176 626 45 791 E-Mail: info@docnet24.com Dispute resolution The European Commission provides a platform for online dispute resolution (OS): [&hellip;]<\/p>","protected":false},"author":1,"featured_media":0,"parent":0,"menu_order":0,"comment_status":"closed","ping_status":"closed","template":"elementor_header_footer","meta":{"site-sidebar-layout":"no-sidebar","site-content-layout":"","ast-site-content-layout":"full-width-container","site-content-style":"default","site-sidebar-style":"default","ast-global-header-display":"","ast-banner-title-visibility":"","ast-main-header-display":"","ast-hfb-above-header-display":"","ast-hfb-below-header-display":"","ast-hfb-mobile-header-display":"","site-post-title":"disabled","ast-breadcrumbs-content":"","ast-featured-img":"disabled","footer-sml-layout":"","theme-transparent-header-meta":"","adv-header-id-meta":"","stick-header-meta":"","header-above-stick-meta":"","header-main-stick-meta":"","header-below-stick-meta":"","astra-migrate-meta-layouts":"default","ast-page-background-enabled":"default","ast-page-background-meta":{"desktop":{"background-color":"var(--ast-global-color-4)","background-image":"","background-repeat":"repeat","background-position":"center center","background-size":"auto","background-attachment":"scroll","background-type":"","background-media":"","overlay-type":"","overlay-color":"","overlay-opacity":"","overlay-gradient":""},"tablet":{"background-color":"","background-image":"","background-repeat":"repeat","background-position":"center center","background-size":"auto","background-attachment":"scroll","background-type":"","background-media":"","overlay-type":"","overlay-color":"","overlay-opacity":"","overlay-gradient":""},"mobile":{"background-color":"","background-image":"","background-repeat":"repeat","background-position":"center center","background-size":"auto","background-attachment":"scroll","background-type":"","background-media":"","overlay-type":"","overlay-color":"","overlay-opacity":"","overlay-gradient":""}},"ast-content-background-meta":{"desktop":{"background-color":"var(--ast-global-color-5)","background-image":"","background-repeat":"repeat","background-position":"center center","background-size":"auto","background-attachment":"scroll","background-type":"","background-media":"","overlay-type":"","overlay-color":"","overlay-opacity":"","overlay-gradient":""},"tablet":{"background-color":"var(--ast-global-color-5)","background-image":"","background-repeat":"repeat","background-position":"center center","background-size":"auto","background-attachment":"scroll","background-type":"","background-media":"","overlay-type":"","overlay-color":"","overlay-opacity":"","overlay-gradient":""},"mobile":{"background-color":"var(--ast-global-color-5)","background-image":"","background-repeat":"repeat","background-position":"center center","background-size":"auto","background-attachment":"scroll","background-type":"","background-media":"","overlay-type":"","overlay-color":"","overlay-opacity":"","overlay-gradient":""}},"footnotes":""},"class_list":["post-510","page","type-page","status-publish","hentry"],"_links":{"self":[{"href":"https:\/\/docnet24.com\/fr\/wp-json\/wp\/v2\/pages\/510","targetHints":{"allow":["GET"]}}],"collection":[{"href":"https:\/\/docnet24.com\/fr\/wp-json\/wp\/v2\/pages"}],"about":[{"href":"https:\/\/docnet24.com\/fr\/wp-json\/wp\/v2\/types\/page"}],"author":[{"embeddable":true,"href":"https:\/\/docnet24.com\/fr\/wp-json\/wp\/v2\/users\/1"}],"replies":[{"embeddable":true,"href":"https:\/\/docnet24.com\/fr\/wp-json\/wp\/v2\/comments?post=510"}],"version-history":[{"count":13,"href":"https:\/\/docnet24.com\/fr\/wp-json\/wp\/v2\/pages\/510\/revisions"}],"predecessor-version":[{"id":611,"href":"https:\/\/docnet24.com\/fr\/wp-json\/wp\/v2\/pages\/510\/revisions\/611"}],"wp:attachment":[{"href":"https:\/\/docnet24.com\/fr\/wp-json\/wp\/v2\/media?parent=510"}],"curies":[{"name":"wp","href":"https:\/\/api.w.org\/{rel}","templated":true}]}}