{"id":506,"date":"2024-02-15T11:04:47","date_gmt":"2024-02-15T10:04:47","guid":{"rendered":"https:\/\/docnet24.com\/?page_id=506"},"modified":"2024-02-15T19:16:48","modified_gmt":"2024-02-15T18:16:48","slug":"privacy-policy","status":"publish","type":"page","link":"https:\/\/docnet24.com\/ro\/politica-de-confidentialitate\/","title":{"rendered":"Politica de confiden\u021bialitate"},"content":{"rendered":"<div data-elementor-type=\"wp-page\" data-elementor-id=\"506\" class=\"elementor elementor-506\" data-elementor-settings=\"{&quot;element_pack_global_tooltip_width&quot;:{&quot;unit&quot;:&quot;px&quot;,&quot;size&quot;:&quot;&quot;,&quot;sizes&quot;:[]},&quot;element_pack_global_tooltip_width_tablet&quot;:{&quot;unit&quot;:&quot;px&quot;,&quot;size&quot;:&quot;&quot;,&quot;sizes&quot;:[]},&quot;element_pack_global_tooltip_width_mobile&quot;:{&quot;unit&quot;:&quot;px&quot;,&quot;size&quot;:&quot;&quot;,&quot;sizes&quot;:[]},&quot;element_pack_global_tooltip_padding&quot;:{&quot;unit&quot;:&quot;px&quot;,&quot;top&quot;:&quot;&quot;,&quot;right&quot;:&quot;&quot;,&quot;bottom&quot;:&quot;&quot;,&quot;left&quot;:&quot;&quot;,&quot;isLinked&quot;:true},&quot;element_pack_global_tooltip_padding_tablet&quot;:{&quot;unit&quot;:&quot;px&quot;,&quot;top&quot;:&quot;&quot;,&quot;right&quot;:&quot;&quot;,&quot;bottom&quot;:&quot;&quot;,&quot;left&quot;:&quot;&quot;,&quot;isLinked&quot;:true},&quot;element_pack_global_tooltip_padding_mobile&quot;:{&quot;unit&quot;:&quot;px&quot;,&quot;top&quot;:&quot;&quot;,&quot;right&quot;:&quot;&quot;,&quot;bottom&quot;:&quot;&quot;,&quot;left&quot;:&quot;&quot;,&quot;isLinked&quot;:true},&quot;element_pack_global_tooltip_border_radius&quot;:{&quot;unit&quot;:&quot;px&quot;,&quot;top&quot;:&quot;&quot;,&quot;right&quot;:&quot;&quot;,&quot;bottom&quot;:&quot;&quot;,&quot;left&quot;:&quot;&quot;,&quot;isLinked&quot;:true},&quot;element_pack_global_tooltip_border_radius_tablet&quot;:{&quot;unit&quot;:&quot;px&quot;,&quot;top&quot;:&quot;&quot;,&quot;right&quot;:&quot;&quot;,&quot;bottom&quot;:&quot;&quot;,&quot;left&quot;:&quot;&quot;,&quot;isLinked&quot;:true},&quot;element_pack_global_tooltip_border_radius_mobile&quot;:{&quot;unit&quot;:&quot;px&quot;,&quot;top&quot;:&quot;&quot;,&quot;right&quot;:&quot;&quot;,&quot;bottom&quot;:&quot;&quot;,&quot;left&quot;:&quot;&quot;,&quot;isLinked&quot;:true}}\" data-elementor-post-type=\"page\">\n\t\t\t\t\t\t<section class=\"elementor-section elementor-top-section elementor-element elementor-element-0dda566 elementor-section-content-top elementor-section-boxed elementor-section-height-default elementor-section-height-default\" data-id=\"0dda566\" data-element_type=\"section\" data-settings=\"{&quot;background_background&quot;:&quot;classic&quot;}\">\n\t\t\t\t\t\t\t<div class=\"elementor-background-overlay\"><\/div>\n\t\t\t\t\t\t\t<div class=\"elementor-container elementor-column-gap-no\">\n\t\t\t\t\t<div class=\"elementor-column elementor-col-100 elementor-top-column elementor-element elementor-element-c0f7f0e\" data-id=\"c0f7f0e\" data-element_type=\"column\">\n\t\t\t<div class=\"elementor-widget-wrap elementor-element-populated\">\n\t\t\t\t\t\t<div class=\"elementor-element elementor-element-00f6ceb elementor-widget elementor-widget-heading\" data-id=\"00f6ceb\" data-element_type=\"widget\" data-widget_type=\"heading.default\">\n\t\t\t\t<div class=\"elementor-widget-container\">\n\t\t\t\t\t<h2 class=\"elementor-heading-title elementor-size-default\">Politica de confiden\u021bialitate<\/h2>\t\t\t\t<\/div>\n\t\t\t\t<\/div>\n\t\t\t\t\t<\/div>\n\t\t<\/div>\n\t\t\t\t\t<\/div>\n\t\t<\/section>\n\t\t\t\t<section class=\"elementor-section elementor-top-section elementor-element elementor-element-29f70bd elementor-section-content-top elementor-section-boxed elementor-section-height-default elementor-section-height-default\" data-id=\"29f70bd\" data-element_type=\"section\" data-settings=\"{&quot;background_background&quot;:&quot;classic&quot;}\">\n\t\t\t\t\t\t\t<div class=\"elementor-background-overlay\"><\/div>\n\t\t\t\t\t\t\t<div class=\"elementor-container elementor-column-gap-no\">\n\t\t\t\t\t<div class=\"elementor-column elementor-col-100 elementor-top-column elementor-element elementor-element-7443bbf\" data-id=\"7443bbf\" data-element_type=\"column\">\n\t\t\t<div class=\"elementor-widget-wrap elementor-element-populated\">\n\t\t\t\t\t\t<div class=\"elementor-element elementor-element-5b4876c elementor-vertical-align-top elementor-widget elementor-widget-image-box\" data-id=\"5b4876c\" data-element_type=\"widget\" data-widget_type=\"image-box.default\">\n\t\t\t\t<div class=\"elementor-widget-container\">\n\t\t\t\t\t<div class=\"elementor-image-box-wrapper\"><div class=\"elementor-image-box-content\"><h3 class=\"elementor-image-box-title\">1. Protec\u021bia datelor pe scurt<\/h3><p class=\"elementor-image-box-description\"><h5>Informa\u021bii generale<\/h5>\nUrm\u0103toarele informa\u021bii ofer\u0103 o prezentare general\u0103 simpl\u0103 a ceea ce se \u00eent\u00e2mpl\u0103 cu datele dumneavoastr\u0103 personale atunci c\u00e2nd vizita\u021bi site-ul nostru web. Datele cu caracter personal reprezint\u0103 orice date care pot fi utilizate pentru a v\u0103 identifica personal. Informa\u021bii detaliate privind subiectul protec\u021biei datelor pot fi g\u0103site \u00een declara\u021bia noastr\u0103 de protec\u021bie a datelor enumerate sub acest text.<\/br>\n<\/br>\n<h5>Cine este responsabil pentru colectarea datelor pe acest site?<\/h5>\nPrelucrarea datelor pe acest site web este efectuat\u0103 de c\u0103tre operatorul site-ului web. Pute\u021bi g\u0103si datele de contact ale acestuia \u00een anun\u021bul juridic al acestui site web.<\/br>\n<\/br>\n<h5>Cum colect\u0103m datele dumneavoastr\u0103?<\/h5>\nPe de o parte, datele dumneavoastr\u0103 sunt colectate atunci c\u00e2nd ni le furniza\u021bi. Acestea pot fi, de exemplu, datele pe care le introduce\u021bi \u00eentr-un formular de contact. Alte date sunt colectate automat de c\u0103tre sistemele noastre IT atunci c\u00e2nd vizita\u021bi site-ul web. Acestea sunt \u00een primul r\u00e2nd date tehnice (de exemplu, browserul de internet, sistemul de operare sau timpul de vizualizare a paginii). Aceste date sunt colectate automat imediat ce intra\u021bi pe site-ul nostru web.<\/br>\n<\/br>\n<h5>Pentru ce folosim datele dumneavoastr\u0103?<\/h5>\nUnele dintre date sunt colectate pentru a asigura c\u0103 site-ul web este furnizat f\u0103r\u0103 erori. Alte date pot fi utilizate pentru a analiza comportamentul dumneavoastr\u0103 ca utilizator.<\/br>\n<\/br>\n<h5>Ce drepturi ave\u021bi \u00een ceea ce prive\u0219te datele dumneavoastr\u0103?<\/h5>\nAve\u021bi dreptul de a primi \u00een orice moment \u0219i \u00een mod gratuit informa\u021bii despre originea, destinatarul \u0219i scopul datelor dumneavoastr\u0103 personale stocate. De asemenea, ave\u021bi dreptul de a solicita corectarea, blocarea sau \u0219tergerea acestor date. Ne pute\u021bi contacta \u00een orice moment la adresa indicat\u0103 \u00een anun\u021bul legal dac\u0103 ave\u021bi \u00eentreb\u0103ri suplimentare pe tema protec\u021biei datelor. De asemenea, ave\u021bi dreptul de a depune o pl\u00e2ngere la autoritatea de supraveghere competent\u0103.<\/br>\n<\/br>\n<h5>Instrumente de analiz\u0103 \u0219i instrumente de la furnizori ter\u021bi<\/h5>\nAtunci c\u00e2nd vizita\u021bi site-ul nostru, comportamentul dumneavoastr\u0103 de navigare poate fi evaluat statistic. Acest lucru se face \u00een principal cu ajutorul cookie-urilor \u0219i al a\u0219a-numitelor programe de analiz\u0103. Analiza comportamentului dvs. de navigare este de obicei anonim\u0103; comportamentul de navigare nu poate fi urm\u0103rit p\u00e2n\u0103 la dvs. Pute\u021bi s\u0103 v\u0103 opune\u021bi acestei analize sau s\u0103 o \u00eempiedica\u021bi prin neutilizarea anumitor instrumente. Pute\u021bi g\u0103si informa\u021bii detaliate despre acest lucru \u00een urm\u0103toarea politic\u0103 de confiden\u021bialitate. V\u0103 pute\u021bi opune acestei analize. V\u0103 vom informa cu privire la op\u021biunile de obiec\u021bie \u00een aceast\u0103 politic\u0103 de confiden\u021bialitate.<\/p><\/div><\/div>\t\t\t\t<\/div>\n\t\t\t\t<\/div>\n\t\t\t\t<div class=\"elementor-element elementor-element-ade08b8 elementor-vertical-align-top elementor-widget elementor-widget-image-box\" data-id=\"ade08b8\" data-element_type=\"widget\" data-widget_type=\"image-box.default\">\n\t\t\t\t<div class=\"elementor-widget-container\">\n\t\t\t\t\t<div class=\"elementor-image-box-wrapper\"><div class=\"elementor-image-box-content\"><h3 class=\"elementor-image-box-title\">2. Note generale \u0219i informa\u021bii obligatorii<\/h3><p class=\"elementor-image-box-description\"><h5>Protec\u021bia datelor<\/h5>\nOperatorii acestui site web iau foarte \u00een serios protec\u021bia datelor dumneavoastr\u0103 personale. Trat\u0103m datele dvs. personale \u00een mod confiden\u021bial \u0219i \u00een conformitate cu reglement\u0103rile legale privind protec\u021bia datelor \u0219i cu prezenta politic\u0103 de confiden\u021bialitate. Atunci c\u00e2nd utiliza\u021bi acest site web, sunt colectate diverse date cu caracter personal. Datele cu caracter personal sunt date care pot fi utilizate pentru a v\u0103 identifica personal. Aceast\u0103 politic\u0103 de confiden\u021bialitate explic\u0103 ce date colect\u0103m \u0219i pentru ce le folosim. De asemenea, explic\u0103 cum \u0219i \u00een ce scop se face acest lucru. Dorim s\u0103 subliniem faptul c\u0103 transmiterea de date pe internet (de exemplu, atunci c\u00e2nd comunic\u0103m prin e-mail) poate fi supus\u0103 unor vulnerabilit\u0103\u021bi de securitate. Nu este posibil\u0103 o protec\u021bie complet\u0103 a datelor \u00eempotriva accesului unor ter\u021bi.<\/br>\n<\/br>\n<h5>Not\u0103 privind organismul responsabil<\/h5>\nOperatorul responsabil pentru prelucrarea datelor pe acest site web este:<\/br>\nPraxisgemeinschaft<\/br>Dr.-med. Ileana Vogel<\/br>Dr.-medic. Anca Calciu<\/br>\nHattsteiner Allee 14A<\/br>\n61250 Usingen<\/br>\nTelefon: +49 (0) 176 626 45 791<\/br>\nE-Mail: info@docnet24.com<\/br>\nOperatorul este persoana fizic\u0103 sau juridic\u0103 care, singur\u0103 sau \u00eempreun\u0103 cu alte persoane, stabile\u0219te scopurile \u0219i mijloacele de prelucrare a datelor cu caracter personal (de exemplu, nume, adrese de e-mail etc.).<\/br>\n<\/br>\n<h5>Retragerea consim\u021b\u0103m\u00e2ntului dumneavoastr\u0103 pentru prelucrarea datelor<\/h5>\nMulte opera\u021biuni de prelucrare a datelor sunt posibile numai cu consim\u021b\u0103m\u00e2ntul dumneavoastr\u0103 expres. V\u0103 pute\u021bi retrage consim\u021b\u0103m\u00e2ntul \u00een orice moment. Tot ce trebuie s\u0103 face\u021bi este s\u0103 ne trimite\u021bi un e-mail informal. Legalitatea prelucr\u0103rii datelor efectuate p\u00e2n\u0103 la revocare r\u0103m\u00e2ne neafectat\u0103 de revocare.<\/br>\n<\/br>\n<h5>Dreptul de a depune o pl\u00e2ngere la autoritatea de supraveghere competent\u0103<\/h5>\n\u00cen cazul \u00eenc\u0103lc\u0103rii legisla\u021biei privind protec\u021bia datelor, persoana vizat\u0103 are dreptul de a depune o pl\u00e2ngere la autoritatea de supraveghere competent\u0103. Autoritatea de supraveghere competent\u0103 \u00een materie de protec\u021bie a datelor este responsabilul de stat pentru protec\u021bia datelor din statul federal \u00een care \u00ee\u0219i are sediul societatea noastr\u0103. O list\u0103 a responsabililor cu protec\u021bia datelor \u0219i datele de contact ale acestora pot fi g\u0103site la urm\u0103torul link:\u00a0<a href=\"https:\/\/www.bfdi.bund.de\/DE\/Infothek\/Anschriften_Links\/anschriften_links- node.html\">https:\/\/www.bfdi.bund.de\/DE\/Infothek\/Anschriften_Links\/anschriften_links-node.html<\/a>.<\/br>\n<\/br>\n<h5>Dreptul la portabilitatea datelor<\/h5>\nAve\u021bi dreptul ca datele pe care le prelucr\u0103m \u00een mod automat pe baza consim\u021b\u0103m\u00e2ntului dvs. sau \u00een executarea unui contract s\u0103 v\u0103 fie transmise dvs. sau unei ter\u021be p\u0103r\u021bi \u00eentr-un format comun, lizibil de c\u0103tre o ma\u0219in\u0103. \u00cen cazul \u00een care solicita\u021bi transferul direct al datelor c\u0103tre un alt operator, acesta va avea loc numai dac\u0103 este fezabil din punct de vedere tehnic.<\/br>\n<\/br>\n<h5>criptare SSL sau TLS<\/h5>\nAcest site utilizeaz\u0103 criptarea SSL sau TLS din motive de securitate \u0219i pentru a proteja transmiterea de con\u021binut confiden\u021bial, cum ar fi comenzile sau cererile de informa\u021bii pe care ni le trimite\u021bi \u00een calitate de operator al site-ului. Pute\u021bi recunoa\u0219te o conexiune criptat\u0103 prin faptul c\u0103 linia de adres\u0103 a browserului se schimb\u0103 de la \"http:\/\/\" la \"https:\/\/\" \u0219i prin simbolul lac\u0103tului din linia browserului. Dac\u0103 este activat\u0103 criptarea SSL sau TLS, datele pe care ni le transmite\u021bi nu pot fi citite de c\u0103tre ter\u021bi.<\/br>\n<\/br>\n<h5>Informa\u021bii, blocare, \u0219tergere<\/h5>\n\u00cen cadrul dispozi\u021biilor legale aplicabile, ave\u021bi dreptul la informa\u021bii gratuite cu privire la datele dvs. personale stocate, la originea \u0219i destinatarul acestora, precum \u0219i la scopul prelucr\u0103rii datelor \u0219i, dac\u0103 este necesar, ave\u021bi dreptul de a corecta, bloca sau \u0219terge aceste date \u00een orice moment. Ne pute\u021bi contacta \u00een orice moment la adresa indicat\u0103 \u00een anun\u021bul legal dac\u0103 ave\u021bi \u00eentreb\u0103ri suplimentare pe tema datelor cu caracter personal.<\/p><\/div><\/div>\t\t\t\t<\/div>\n\t\t\t\t<\/div>\n\t\t\t\t<div class=\"elementor-element elementor-element-f28beb1 elementor-vertical-align-top elementor-widget elementor-widget-image-box\" data-id=\"f28beb1\" data-element_type=\"widget\" data-widget_type=\"image-box.default\">\n\t\t\t\t<div class=\"elementor-widget-container\">\n\t\t\t\t\t<div class=\"elementor-image-box-wrapper\"><div class=\"elementor-image-box-content\"><h3 class=\"elementor-image-box-title\">3. Colectarea datelor pe site-ul nostru web<\/h3><p class=\"elementor-image-box-description\"><h5>Cookie-uri<\/h5>\nUnele dintre site-urile web utilizeaz\u0103 a\u0219a-numitele cookie-uri. Cookie-urile nu cauzeaz\u0103 nicio deteriorare a computerului dumneavoastr\u0103 \u0219i nu con\u021bin viru\u0219i. Modulele cookie servesc pentru a face oferta noastr\u0103 mai u\u0219or de utilizat, mai eficient\u0103 \u0219i mai sigur\u0103. Cookie-urile sunt mici fi\u0219iere text care sunt stocate pe computerul dumneavoastr\u0103 \u0219i pe care browserul dumneavoastr\u0103 le salveaz\u0103. Cele mai multe dintre cookie-urile pe care le folosim sunt a\u0219a-numitele \"cookie-uri de sesiune\". Acestea sunt \u0219terse automat dup\u0103 vizita dumneavoastr\u0103. Alte cookie-uri r\u0103m\u00e2n stocate pe dispozitivul dvs. p\u00e2n\u0103 c\u00e2nd le \u0219terge\u021bi. Aceste cookie-uri ne permit s\u0103 v\u0103 recunoa\u0219tem browserul la urm\u0103toarea vizit\u0103. V\u0103 pute\u021bi seta browserul astfel \u00eenc\u00e2t s\u0103 fi\u021bi informat cu privire la setarea modulelor cookie \u0219i s\u0103 permite\u021bi modulele cookie numai \u00een cazuri individuale, s\u0103 exclude\u021bi acceptarea modulelor cookie pentru anumite cazuri sau \u00een general \u0219i s\u0103 activa\u021bi \u0219tergerea automat\u0103 a modulelor cookie la \u00eenchiderea browserului. \u00cen cazul \u00een care cookie-urile sunt dezactivate, func\u021bionalitatea acestui site web poate fi restric\u021bionat\u0103. Cookie-urile care sunt necesare pentru a efectua procesul de comunicare electronic\u0103 sau pentru a oferi anumite func\u021bii de care ave\u021bi nevoie (de exemplu, func\u021bia co\u0219ului de cump\u0103r\u0103turi) sunt stocate \u00een baza art. 6 alin. 1 lit. f GDPR. Operatorul site-ului web are un interes legitim \u00een stocarea cookie-urilor pentru a furniza serviciile sale \u00eentr-o manier\u0103 optimizat\u0103 \u0219i f\u0103r\u0103 erori tehnice. \u00cen cazul \u00een care sunt stocate alte cookie-uri (de exemplu, cookie-uri pentru a analiza comportamentul dvs. de navigare), acestea vor fi tratate separat \u00een aceast\u0103 declara\u021bie de protec\u021bie a datelor.<\/br>\n<\/br>\n<h5>Fi\u0219iere jurnal de server<\/h5>\nFurnizorul paginilor colecteaz\u0103 \u0219i stocheaz\u0103 automat informa\u021bii \u00een a\u0219a-numitele fi\u0219iere jurnal de server, pe care browserul dumneavoastr\u0103 ni le transmite automat. Acestea sunt:\n<\/br>\nTipul \u0219i versiunea browserului<\/br>\nSistemul de operare utilizat<\/br>\nURL de referin\u021b\u0103<\/br>\nNumele de gazd\u0103 al computerului care acceseaz\u0103\n<\/br>\nOra solicit\u0103rii serverului<\/br>\nAdresa IP<\/br>\nAceste date nu vor fi fuzionate cu alte surse de date. <\/br>\nBaza pentru prelucrarea datelor este articolul 6 alineatul 1 litera b din RGPD, care permite prelucrarea datelor \u00een vederea \u00eendeplinirii unui contract sau a unor m\u0103suri precontractuale.\n\n<\/p><\/div><\/div>\t\t\t\t<\/div>\n\t\t\t\t<\/div>\n\t\t\t\t<div class=\"elementor-element elementor-element-8378d7a elementor-vertical-align-top elementor-widget elementor-widget-image-box\" data-id=\"8378d7a\" data-element_type=\"widget\" data-widget_type=\"image-box.default\">\n\t\t\t\t<div class=\"elementor-widget-container\">\n\t\t\t\t\t<div class=\"elementor-image-box-wrapper\"><div class=\"elementor-image-box-content\"><h3 class=\"elementor-image-box-title\">4. Plugin-uri \u0219i instrumente<\/h3><p class=\"elementor-image-box-description\"><h5>Google Maps<\/h5>\nAcest site utilizeaz\u0103 serviciul de h\u0103r\u021bi Google Maps prin intermediul unei API. Furnizorul este Google Inc., 1600 Amphitheater Parkway, Mountain View, CA 94043, SUA. Pentru a utiliza func\u021biile Google Maps, este necesar\u0103 salvarea adresei dumneavoastr\u0103 IP. Aceste informa\u021bii sunt de obicei transferate c\u0103tre un server Google din SUA \u0219i stocate acolo. Furnizorul acestui site nu are nicio influen\u021b\u0103 asupra acestui transfer de date.<\/br>\nUtilizarea Google Maps este \u00een interesul unei prezent\u0103ri atractive a ofertelor noastre online \u0219i pentru a facilita g\u0103sirea locurilor pe care le indic\u0103m pe site. Acest lucru reprezint\u0103 un interes legitim \u00een sensul articolului 6 alineatul 1 litera f din GDPR.\n<\/br>\nPute\u021bi g\u0103si mai multe informa\u021bii despre modul de gestionare a datelor utilizatorilor \u00een politica de confiden\u021bialitate a Google: \u00a0<a href=\"https:\/\/www.google.de\/intl\/de\/policies\/privacy\/\">https:\/\/www.google.de\/intl\/de\/policies\/privacy\/<\/a>\n\n\n<\/p><\/div><\/div>\t\t\t\t<\/div>\n\t\t\t\t<\/div>\n\t\t\t\t\t<\/div>\n\t\t<\/div>\n\t\t\t\t\t<\/div>\n\t\t<\/section>\n\t\t\t\t<\/div>","protected":false},"excerpt":{"rendered":"<p>Politica de confiden\u021bialitate 1. Protec\u021bia datelor pe scurt Informa\u021bii generale Urm\u0103toarele informa\u021bii ofer\u0103 o prezentare general\u0103 simpl\u0103 a ceea ce se \u00eent\u00e2mpl\u0103 cu datele dvs. personale atunci c\u00e2nd vizita\u021bi site-ul nostru web. Datele cu caracter personal reprezint\u0103 orice date care pot fi utilizate pentru a v\u0103 identifica personal. Informa\u021bii detaliate pe tema protec\u021biei datelor pot fi g\u0103site \u00een pagina noastr\u0103 [...]<\/p>","protected":false},"author":1,"featured_media":0,"parent":0,"menu_order":0,"comment_status":"closed","ping_status":"closed","template":"elementor_header_footer","meta":{"site-sidebar-layout":"no-sidebar","site-content-layout":"","ast-site-content-layout":"full-width-container","site-content-style":"default","site-sidebar-style":"default","ast-global-header-display":"","ast-banner-title-visibility":"","ast-main-header-display":"","ast-hfb-above-header-display":"","ast-hfb-below-header-display":"","ast-hfb-mobile-header-display":"","site-post-title":"disabled","ast-breadcrumbs-content":"","ast-featured-img":"disabled","footer-sml-layout":"","theme-transparent-header-meta":"","adv-header-id-meta":"","stick-header-meta":"","header-above-stick-meta":"","header-main-stick-meta":"","header-below-stick-meta":"","astra-migrate-meta-layouts":"default","ast-page-background-enabled":"default","ast-page-background-meta":{"desktop":{"background-color":"var(--ast-global-color-4)","background-image":"","background-repeat":"repeat","background-position":"center center","background-size":"auto","background-attachment":"scroll","background-type":"","background-media":"","overlay-type":"","overlay-color":"","overlay-opacity":"","overlay-gradient":""},"tablet":{"background-color":"","background-image":"","background-repeat":"repeat","background-position":"center center","background-size":"auto","background-attachment":"scroll","background-type":"","background-media":"","overlay-type":"","overlay-color":"","overlay-opacity":"","overlay-gradient":""},"mobile":{"background-color":"","background-image":"","background-repeat":"repeat","background-position":"center center","background-size":"auto","background-attachment":"scroll","background-type":"","background-media":"","overlay-type":"","overlay-color":"","overlay-opacity":"","overlay-gradient":""}},"ast-content-background-meta":{"desktop":{"background-color":"var(--ast-global-color-5)","background-image":"","background-repeat":"repeat","background-position":"center center","background-size":"auto","background-attachment":"scroll","background-type":"","background-media":"","overlay-type":"","overlay-color":"","overlay-opacity":"","overlay-gradient":""},"tablet":{"background-color":"var(--ast-global-color-5)","background-image":"","background-repeat":"repeat","background-position":"center center","background-size":"auto","background-attachment":"scroll","background-type":"","background-media":"","overlay-type":"","overlay-color":"","overlay-opacity":"","overlay-gradient":""},"mobile":{"background-color":"var(--ast-global-color-5)","background-image":"","background-repeat":"repeat","background-position":"center center","background-size":"auto","background-attachment":"scroll","background-type":"","background-media":"","overlay-type":"","overlay-color":"","overlay-opacity":"","overlay-gradient":""}},"footnotes":""},"class_list":["post-506","page","type-page","status-publish","hentry"],"_links":{"self":[{"href":"https:\/\/docnet24.com\/ro\/wp-json\/wp\/v2\/pages\/506","targetHints":{"allow":["GET"]}}],"collection":[{"href":"https:\/\/docnet24.com\/ro\/wp-json\/wp\/v2\/pages"}],"about":[{"href":"https:\/\/docnet24.com\/ro\/wp-json\/wp\/v2\/types\/page"}],"author":[{"embeddable":true,"href":"https:\/\/docnet24.com\/ro\/wp-json\/wp\/v2\/users\/1"}],"replies":[{"embeddable":true,"href":"https:\/\/docnet24.com\/ro\/wp-json\/wp\/v2\/comments?post=506"}],"version-history":[{"count":10,"href":"https:\/\/docnet24.com\/ro\/wp-json\/wp\/v2\/pages\/506\/revisions"}],"predecessor-version":[{"id":532,"href":"https:\/\/docnet24.com\/ro\/wp-json\/wp\/v2\/pages\/506\/revisions\/532"}],"wp:attachment":[{"href":"https:\/\/docnet24.com\/ro\/wp-json\/wp\/v2\/media?parent=506"}],"curies":[{"name":"wp","href":"https:\/\/api.w.org\/{rel}","templated":true}]}}