{"id":508,"date":"2024-02-15T11:05:23","date_gmt":"2024-02-15T10:05:23","guid":{"rendered":"https:\/\/docnet24.com\/?page_id=508"},"modified":"2024-02-15T19:27:25","modified_gmt":"2024-02-15T18:27:25","slug":"terms-and-conditions","status":"publish","type":"page","link":"https:\/\/docnet24.com\/ro\/termeni-si-conditii\/","title":{"rendered":"Termeni \u0219i condi\u021bii"},"content":{"rendered":"<div data-elementor-type=\"wp-page\" data-elementor-id=\"508\" class=\"elementor elementor-508\" data-elementor-settings=\"{&quot;element_pack_global_tooltip_width&quot;:{&quot;unit&quot;:&quot;px&quot;,&quot;size&quot;:&quot;&quot;,&quot;sizes&quot;:[]},&quot;element_pack_global_tooltip_width_tablet&quot;:{&quot;unit&quot;:&quot;px&quot;,&quot;size&quot;:&quot;&quot;,&quot;sizes&quot;:[]},&quot;element_pack_global_tooltip_width_mobile&quot;:{&quot;unit&quot;:&quot;px&quot;,&quot;size&quot;:&quot;&quot;,&quot;sizes&quot;:[]},&quot;element_pack_global_tooltip_padding&quot;:{&quot;unit&quot;:&quot;px&quot;,&quot;top&quot;:&quot;&quot;,&quot;right&quot;:&quot;&quot;,&quot;bottom&quot;:&quot;&quot;,&quot;left&quot;:&quot;&quot;,&quot;isLinked&quot;:true},&quot;element_pack_global_tooltip_padding_tablet&quot;:{&quot;unit&quot;:&quot;px&quot;,&quot;top&quot;:&quot;&quot;,&quot;right&quot;:&quot;&quot;,&quot;bottom&quot;:&quot;&quot;,&quot;left&quot;:&quot;&quot;,&quot;isLinked&quot;:true},&quot;element_pack_global_tooltip_padding_mobile&quot;:{&quot;unit&quot;:&quot;px&quot;,&quot;top&quot;:&quot;&quot;,&quot;right&quot;:&quot;&quot;,&quot;bottom&quot;:&quot;&quot;,&quot;left&quot;:&quot;&quot;,&quot;isLinked&quot;:true},&quot;element_pack_global_tooltip_border_radius&quot;:{&quot;unit&quot;:&quot;px&quot;,&quot;top&quot;:&quot;&quot;,&quot;right&quot;:&quot;&quot;,&quot;bottom&quot;:&quot;&quot;,&quot;left&quot;:&quot;&quot;,&quot;isLinked&quot;:true},&quot;element_pack_global_tooltip_border_radius_tablet&quot;:{&quot;unit&quot;:&quot;px&quot;,&quot;top&quot;:&quot;&quot;,&quot;right&quot;:&quot;&quot;,&quot;bottom&quot;:&quot;&quot;,&quot;left&quot;:&quot;&quot;,&quot;isLinked&quot;:true},&quot;element_pack_global_tooltip_border_radius_mobile&quot;:{&quot;unit&quot;:&quot;px&quot;,&quot;top&quot;:&quot;&quot;,&quot;right&quot;:&quot;&quot;,&quot;bottom&quot;:&quot;&quot;,&quot;left&quot;:&quot;&quot;,&quot;isLinked&quot;:true}}\" data-elementor-post-type=\"page\">\n\t\t\t\t\t\t<section class=\"elementor-section elementor-top-section elementor-element elementor-element-9a04685 elementor-section-content-top elementor-section-boxed elementor-section-height-default elementor-section-height-default\" data-id=\"9a04685\" data-element_type=\"section\" data-settings=\"{&quot;background_background&quot;:&quot;classic&quot;}\">\n\t\t\t\t\t\t\t<div class=\"elementor-background-overlay\"><\/div>\n\t\t\t\t\t\t\t<div class=\"elementor-container elementor-column-gap-no\">\n\t\t\t\t\t<div class=\"elementor-column elementor-col-100 elementor-top-column elementor-element elementor-element-953f176\" data-id=\"953f176\" data-element_type=\"column\">\n\t\t\t<div class=\"elementor-widget-wrap elementor-element-populated\">\n\t\t\t\t\t\t<div class=\"elementor-element elementor-element-ad4df22 elementor-widget elementor-widget-heading\" data-id=\"ad4df22\" data-element_type=\"widget\" data-widget_type=\"heading.default\">\n\t\t\t\t<div class=\"elementor-widget-container\">\n\t\t\t\t\t<h2 class=\"elementor-heading-title elementor-size-default\">Termeni \u0219i condi\u021bii generale (AGB)<\/h2>\t\t\t\t<\/div>\n\t\t\t\t<\/div>\n\t\t\t\t\t<\/div>\n\t\t<\/div>\n\t\t\t\t\t<\/div>\n\t\t<\/section>\n\t\t\t\t<section class=\"elementor-section elementor-top-section elementor-element elementor-element-5434e72 elementor-section-content-top elementor-section-boxed elementor-section-height-default elementor-section-height-default\" data-id=\"5434e72\" data-element_type=\"section\" data-settings=\"{&quot;background_background&quot;:&quot;classic&quot;}\">\n\t\t\t\t\t\t\t<div class=\"elementor-background-overlay\"><\/div>\n\t\t\t\t\t\t\t<div class=\"elementor-container elementor-column-gap-no\">\n\t\t\t\t\t<div class=\"elementor-column elementor-col-100 elementor-top-column elementor-element elementor-element-ec05de0\" data-id=\"ec05de0\" data-element_type=\"column\">\n\t\t\t<div class=\"elementor-widget-wrap elementor-element-populated\">\n\t\t\t\t\t\t<div class=\"elementor-element elementor-element-4cd6931 elementor-vertical-align-top elementor-widget elementor-widget-image-box\" data-id=\"4cd6931\" data-element_type=\"widget\" data-widget_type=\"image-box.default\">\n\t\t\t\t<div class=\"elementor-widget-container\">\n\t\t\t\t\t<div class=\"elementor-image-box-wrapper\"><div class=\"elementor-image-box-content\"><h3 class=\"elementor-image-box-title\">1. Domeniul de aplicare<\/h3><p class=\"elementor-image-box-description\">a) Praxisgemeinschaft Dr.-med. Ileana Vogel \u0219i Dr.-medic. Anca Calciu \u00ee\u0219i furnizeaz\u0103 serviciile, presta\u021biile \u0219i livr\u0103rile exclusiv pe baza acestor termeni \u0219i condi\u021bii, cu excep\u021bia cazului \u00een care se prevede altfel \u00een contractele individuale. Condi\u021biile se consider\u0103 acceptate cel mai t\u00e2rziu la momentul plas\u0103rii comenzii \u0219i se aplic\u0103 \u0219i pentru toate rela\u021biile comerciale viitoare, chiar dac\u0103 nu sunt convenite \u0219i prezentate din nou \u00een mod expres.<\/br>\nTermenii \u0219i condi\u021biile proprii ale clientului nu se aplic\u0103 dec\u00e2t dac\u0103 acestea sunt recunoscute \u00een mod expres \u00een scris de c\u0103tre Praxisgemeinschaft Dr.-med. Ileana Vogel \u0219i Dr.-medic. Anca Calciu.<\/br>\n<\/br>\nb) Toate declara\u021biile \u00een leg\u0103tur\u0103 cu contractul trebuie s\u0103 fie \u00een scris. Angaja\u021bii Praxisgemeinschaft Dr.-med. Ileana Vogel \u0219i Dr.-medic. Anca Calciu nu sunt autoriza\u021bi s\u0103 \u00eencheie acorduri verbale suplimentare care dep\u0103\u0219esc con\u021binutul contractului respectiv, inclusiv aceste condi\u021bii.<\/br>\n<\/br>\nc) Praxisgemeinschaft Dr.-med. Ileana Vogel \u0219i Dr.-medic. Anca Calciu au dreptul de a modifica sau de a completa \u00een orice moment ace\u0219ti \"Termeni \u0219i condi\u021bii generale\" cu o notificare corespunz\u0103toare. \u00cen cazul \u00een care clientul nu se opune \u00een termen de dou\u0103 s\u0103pt\u0103m\u00e2ni de la primirea notific\u0103rii de modificare, aceasta va intra \u00een vigoare a\u0219a cum a fost anun\u021bat\u0103. \u00cen cazul \u00een care clientul se opune \u00een timp util, Science-IT Consulting GmbH are dreptul de a rezilia contractul \u00een momentul \u00een care condi\u021biile modificate urmeaz\u0103 s\u0103 intre \u00een vigoare.<\/p><\/div><\/div>\t\t\t\t<\/div>\n\t\t\t\t<\/div>\n\t\t\t\t<div class=\"elementor-element elementor-element-64930fb elementor-vertical-align-top elementor-widget elementor-widget-image-box\" data-id=\"64930fb\" data-element_type=\"widget\" data-widget_type=\"image-box.default\">\n\t\t\t\t<div class=\"elementor-widget-container\">\n\t\t\t\t\t<div class=\"elementor-image-box-wrapper\"><div class=\"elementor-image-box-content\"><h3 class=\"elementor-image-box-title\">2. \u00cencheierea contractului<\/h3><p class=\"elementor-image-box-description\">a) Contractul este \u00eencheiat dac\u0103 Praxisgemeinschaft Dr.-med. Ileana Vogel \u0219i Dr.-medic. Anca Calciu refuz\u0103 imediat contractul \u00eencheiat.<\/br>\n<\/br>\nb) \u00cen cazul \u00een care serviciile unor ter\u021bi sunt necesare pentru furnizarea serviciului, ace\u0219tia nu vor deveni parteneri contractuali ai clientului. \u00cen plus, nu exist\u0103 nicio rela\u021bie contractual\u0103 \u00eentre clien\u021bii Praxisgemeinschaft Dr.-med. Ileana Vogel \u0219i Dr.-medic. Anca Calciu bazat\u0103 exclusiv pe utilizarea \u00een comun a serviciilor.\n<\/p><\/div><\/div>\t\t\t\t<\/div>\n\t\t\t\t<\/div>\n\t\t\t\t<div class=\"elementor-element elementor-element-960d8a9 elementor-vertical-align-top elementor-widget elementor-widget-image-box\" data-id=\"960d8a9\" data-element_type=\"widget\" data-widget_type=\"image-box.default\">\n\t\t\t\t<div class=\"elementor-widget-container\">\n\t\t\t\t\t<div class=\"elementor-image-box-wrapper\"><div class=\"elementor-image-box-content\"><h3 class=\"elementor-image-box-title\">3. Domeniul de aplicare a serviciilor<\/h3><p class=\"elementor-image-box-description\">a) Domeniul de aplicare rezult\u0103 din contractul respectiv, \u00een conformitate cu descrierea serviciului sau din serviciul definit \u0219i convenit individual cu clientul. Acceptarea serviciului are loc prin semnarea de c\u0103tre client a formularului de predare-primire.<\/br>\n<\/br>\nb) Praxisgemeinschaft Dr.-med. Ileana Vogel \u0219i Dr.-medic. Anca Calciu \u00ee\u0219i rezerv\u0103 dreptul de a modifica, extinde \u0219i aduce \u00eembun\u0103t\u0103\u021biri serviciilor \u00een urma consult\u0103rii cu clientul.<\/br>\n<\/br>\nc) Solu\u021biile software, scripturile, designurile, layout-urile, sistemele \u0219i produsele comparabile r\u0103m\u00e2n proprietatea Praxisgemeinschaft Dr.-med. Ileana Vogel \u0219i Dr.-medic. Anca Calciu, chiar dac\u0103 sunt dezvoltate \u00een numele clientului, cu excep\u021bia cazului \u00een care s-a convenit \u00een mod explicit achizi\u021bionarea \u0219i transferul c\u0103tre client.<\/br>\n<\/br>\nd) \u00cen cazul \u00een care Praxisgemeinschaft Dr.-med. Ileana Vogel \u0219i Dr.-medic. Anca Calciu presteaz\u0103 un serviciu gratuit, acesta poate fi \u00eentrerupt \u00een orice moment, f\u0103r\u0103 o notificare prealabil\u0103, f\u0103r\u0103 ca din partea clientului s\u0103 rezulte vreo preten\u021bie.<\/p><\/div><\/div>\t\t\t\t<\/div>\n\t\t\t\t<\/div>\n\t\t\t\t<div class=\"elementor-element elementor-element-17253ee elementor-vertical-align-top elementor-widget elementor-widget-image-box\" data-id=\"17253ee\" data-element_type=\"widget\" data-widget_type=\"image-box.default\">\n\t\t\t\t<div class=\"elementor-widget-container\">\n\t\t\t\t\t<div class=\"elementor-image-box-wrapper\"><div class=\"elementor-image-box-content\"><h3 class=\"elementor-image-box-title\">4. Livrarea \u0219i locul de \u00eendeplinire<\/h3><p class=\"elementor-image-box-description\">a) Locul de \u00eendeplinire a obliga\u021biilor legate de Praxisgemeinschaft Dr.-med. Ileana Vogel \u0219i Dr.-medic. Anca Calciu este sediul Praxisgemeinschaft Dr.-med. Ileana Vogel \u0219i Dr.-medic. Anca Calciu. \u00cen cazul \u00een care Praxisgemeinschaft Dr.-med. Ileana Vogel \u0219i Dr.-medic. Anca Calciu livreaz\u0103 sau expediaz\u0103 servicii sau bunuri, livrarea are loc pe riscul \u0219i pe cheltuiala partenerului contractual. Termenele de livrare sunt aproximative \u0219i f\u0103r\u0103 caracter obligatoriu.<\/br>\n<\/br>\nb) Livr\u0103rile par\u021biale sunt permise \u0219i nu pot fi respinse de c\u0103tre partenerul contractual dac\u0103 o livrare r\u0103mas\u0103 este \u00eenc\u0103 efectuat\u0103 sau dac\u0103 livrarea par\u021bial\u0103 nu este lipsit\u0103 de interes pentru partenerul contractual. \u00cen cazul \u00een care Praxisgemeinschaft Dr.-med. Ileana Vogel \u0219i Dr.-medic. Anca Calciu nu respect\u0103 termenul de livrare, partenerul contractual trebuie s\u0103 stabileasc\u0103 o perioad\u0103 de gra\u021bie rezonabil\u0103 de cel pu\u021bin 4 s\u0103pt\u0103m\u00e2ni \u00eenainte de a-\u0219i putea exercita drepturile \u00een conformitate cu articolul 326 din Codul civil german (BGB).<\/p><\/div><\/div>\t\t\t\t<\/div>\n\t\t\t\t<\/div>\n\t\t\t\t<div class=\"elementor-element elementor-element-d713ed8 elementor-vertical-align-top elementor-widget elementor-widget-image-box\" data-id=\"d713ed8\" data-element_type=\"widget\" data-widget_type=\"image-box.default\">\n\t\t\t\t<div class=\"elementor-widget-container\">\n\t\t\t\t\t<div class=\"elementor-image-box-wrapper\"><div class=\"elementor-image-box-content\"><h3 class=\"elementor-image-box-title\">5. Condi\u021bii de plat\u0103<\/h3><p class=\"elementor-image-box-description\">a) Serviciile furnizate sau produsele livrate de Praxisgemeinschaft Dr.-med. Ileana Vogel \u0219i Dr.-medic. Anca Calciu sunt pl\u0103tibile f\u0103r\u0103 deduceri \u00een termen de cel mult 10 zile de la data facturii. Acordurile divergente trebuie s\u0103 fie \u00een scris.<\/br>\n<\/br>\nb) \u00cen cazul \u00een care un partener contractual este \u00een \u00eent\u00e2rziere de plat\u0103, Praxisgemeinschaft Dr.-med. Ileana Vogel \u0219i Dr.-medic. Anca Calciu are dreptul de a percepe o dob\u00e2nd\u0103 de \u00eent\u00e2rziere de 5% peste rata de scont a Bundesbank-ului german.<\/p><\/div><\/div>\t\t\t\t<\/div>\n\t\t\t\t<\/div>\n\t\t\t\t<div class=\"elementor-element elementor-element-2fb5e7e elementor-vertical-align-top elementor-widget elementor-widget-image-box\" data-id=\"2fb5e7e\" data-element_type=\"widget\" data-widget_type=\"image-box.default\">\n\t\t\t\t<div class=\"elementor-widget-container\">\n\t\t\t\t\t<div class=\"elementor-image-box-wrapper\"><div class=\"elementor-image-box-content\"><h3 class=\"elementor-image-box-title\">6. Garan\u021bia \u0219i notificarea defectelor<\/h3><p class=\"elementor-image-box-description\">a) Dispozi\u021biile legale se aplic\u0103 \u00een cazul reclama\u021biilor privind defectele formulate de comercian\u021bi. \u00cen caz contrar, defectele evidente trebuie s\u0103 fie raportate la Praxisgemeinschaft Dr.-med. Ileana Vogel \u0219i Dr.-medic. Anca Calciu, \u00een scris, \u00een termen de 14 zile. \u00cen caz contrar, nu se poate face nicio cerere de garan\u021bie.<\/br>\n<\/br>\nb) Praxisgemeinschaft Dr.-med. Ileana Vogel \u0219i Dr.-medic. Anca Calciu ofer\u0103 o garan\u021bie prin repararea integral\u0103 sau par\u021bial\u0103 a defectului \u00een mod gratuit sau prin furnizarea unei livr\u0103ri de \u00eenlocuire gratuit\u0103, la discre\u021bia sa. \u00cen cazul \u00een care dou\u0103 \u00eencerc\u0103ri de reparare sau de livrare ulterioar\u0103 e\u0219ueaz\u0103, partenerul contractual are dreptul, la discre\u021bia sa, s\u0103 solicite o reducere sau o anulare.<\/br>\n<\/br>\nc) Alternativ, Praxisgemeinschaft Dr.-med. Ileana Vogel \u0219i Dr.-medic. Anca Calciu pot solicita ca serviciul\/produsul defectuos s\u0103 fie trimis la Praxisgemeinschaft Dr.-med. Ileana Vogel \u0219i Dr.-medic. Anca Calciu pentru repara\u021bii sau ca clientul s\u0103 aib\u0103 la dispozi\u021bie produsul\/serviciul defect pentru repara\u021bii.<\/br>\n<\/br>\nd) Obliga\u021bia de garan\u021bie expir\u0103 dac\u0103 lucr\u0103rile, repara\u021biile sau interven\u021biile sunt efectuate de c\u0103tre client f\u0103r\u0103 acordul scris al Praxisgemeinschaft Dr.-med. Ileana Vogel \u0219i Dr.-medic. Anca Calciu.\n<\/p><\/div><\/div>\t\t\t\t<\/div>\n\t\t\t\t<\/div>\n\t\t\t\t<div class=\"elementor-element elementor-element-162fce8 elementor-vertical-align-top elementor-widget elementor-widget-image-box\" data-id=\"162fce8\" data-element_type=\"widget\" data-widget_type=\"image-box.default\">\n\t\t\t\t<div class=\"elementor-widget-container\">\n\t\t\t\t\t<div class=\"elementor-image-box-wrapper\"><div class=\"elementor-image-box-content\"><h3 class=\"elementor-image-box-title\">7. P\u0103strarea propriet\u0103\u021bii<\/h3><p class=\"elementor-image-box-description\">Serviciile, produsele sau bunurile livrate r\u0103m\u00e2n \u00een proprietatea Praxisgemeinschaft Dr.-med. Ileana Vogel \u0219i Dr.-medic. Anca Calciu ca bunuri rezervate p\u00e2n\u0103 la plata integral\u0103 a pre\u021bului de achizi\u021bie \u0219i p\u00e2n\u0103 la solu\u021bionarea tuturor crean\u021belor rezultate din rela\u021bia de afaceri.<\/p><\/div><\/div>\t\t\t\t<\/div>\n\t\t\t\t<\/div>\n\t\t\t\t<div class=\"elementor-element elementor-element-b8ae50b elementor-vertical-align-top elementor-widget elementor-widget-image-box\" data-id=\"b8ae50b\" data-element_type=\"widget\" data-widget_type=\"image-box.default\">\n\t\t\t\t<div class=\"elementor-widget-container\">\n\t\t\t\t\t<div class=\"elementor-image-box-wrapper\"><div class=\"elementor-image-box-content\"><h3 class=\"elementor-image-box-title\">8. Clauza de r\u0103spundere<\/h3><p class=\"elementor-image-box-description\">a) Praxisgemeinschaft Dr.-med. Ileana Vogel \u0219i Dr.-medic. Anca Calciu r\u0103spund numai pentru daunele cauzate de ea sau de un agent indirect prin neglijen\u021b\u0103 grav\u0103 sau inten\u021bie, cu excep\u021bia cazului \u00een care este vorba de propriet\u0103\u021bi garantate.<\/br>\n<\/br>\nb) \u00cen plus, Praxisgemeinschaft Dr.-med. Ileana Vogel \u0219i Dr.-medic. Anca Calciu nu r\u0103spund pentru daunele indirecte, \u00een special din punctul de vedere al \u00eenc\u0103lc\u0103rii pozitive a contractului, cu excep\u021bia cazului \u00een care daunele se \u00eencadreaz\u0103 \u00een sfera de asigurare a unui bun garantat. Praxisgemeinschaft Dr.-med. Ileana Vogel \u0219i Dr.-medic. Anca Calciu nu r\u0103spunde pentru daunele care nu sunt previzibile sau pentru care clientul este responsabil. R\u0103spunderea Praxisgemeinschaft Dr.-med. Ileana Vogel \u0219i Dr.-medic. Anca Calciu \u00een temeiul Legii privind r\u0103spunderea pentru produse nu este afectat\u0103 de acest lucru.<\/p><\/div><\/div>\t\t\t\t<\/div>\n\t\t\t\t<\/div>\n\t\t\t\t<div class=\"elementor-element elementor-element-dffdd6d elementor-vertical-align-top elementor-widget elementor-widget-image-box\" data-id=\"dffdd6d\" data-element_type=\"widget\" data-widget_type=\"image-box.default\">\n\t\t\t\t<div class=\"elementor-widget-container\">\n\t\t\t\t\t<div class=\"elementor-image-box-wrapper\"><div class=\"elementor-image-box-content\"><h3 class=\"elementor-image-box-title\">9. Protec\u021bia datelor<\/h3><p class=\"elementor-image-box-description\">Not\u0103 \u00een conformitate cu \u00a7 33 BDSG: Praxisgemeinschaft Dr.-med. Ileana Vogel \u0219i Dr.-medic. Anca Calciu stocheaz\u0103 datele necesare pentru a asigura buna desf\u0103\u0219urare a activit\u0103\u021bii. Datele cu caracter personal transmise c\u0103tre Praxisgemeinschaft Dr.-med. Ileana Vogel \u0219i Dr.-medic. Anca Calciu vor fi tratate \u00een mod strict confiden\u021bial.<\/p><\/div><\/div>\t\t\t\t<\/div>\n\t\t\t\t<\/div>\n\t\t\t\t<div class=\"elementor-element elementor-element-098df23 elementor-vertical-align-top elementor-widget elementor-widget-image-box\" data-id=\"098df23\" data-element_type=\"widget\" data-widget_type=\"image-box.default\">\n\t\t\t\t<div class=\"elementor-widget-container\">\n\t\t\t\t\t<div class=\"elementor-image-box-wrapper\"><div class=\"elementor-image-box-content\"><h3 class=\"elementor-image-box-title\">10. Locul de jurisdic\u021bie<\/h3><p class=\"elementor-image-box-description\">Locul de jurisdic\u021bie pentru toate contractele \u00eencheiate cu Praxisgemeinschaft Dr.-med. Ileana Vogel \u0219i Dr.-medic. Anca Calciu este 61250 Usingen.<\/p><\/div><\/div>\t\t\t\t<\/div>\n\t\t\t\t<\/div>\n\t\t\t\t\t<\/div>\n\t\t<\/div>\n\t\t\t\t\t<\/div>\n\t\t<\/section>\n\t\t\t\t<\/div>","protected":false},"excerpt":{"rendered":"<p>Termeni \u0219i condi\u021bii generale (AGB) 1. Domeniul de aplicare a) Praxisgemeinschaft Dr.-med. Ileana Vogel \u0219i Dr.-medic. Anca Calciu \u00ee\u0219i furnizeaz\u0103 serviciile, presta\u021biile \u0219i livr\u0103rile exclusiv pe baza acestor termeni \u0219i condi\u021bii, cu excep\u021bia cazului \u00een care se prevede altfel \u00een contractele individuale. Condi\u021biile se consider\u0103 acceptate cel mai t\u00e2rziu la momentul plas\u0103rii comenzii \u0219i se aplic\u0103, de asemenea, tuturor [...]<\/p>","protected":false},"author":1,"featured_media":0,"parent":0,"menu_order":0,"comment_status":"closed","ping_status":"closed","template":"elementor_header_footer","meta":{"site-sidebar-layout":"no-sidebar","site-content-layout":"","ast-site-content-layout":"full-width-container","site-content-style":"default","site-sidebar-style":"default","ast-global-header-display":"","ast-banner-title-visibility":"","ast-main-header-display":"","ast-hfb-above-header-display":"","ast-hfb-below-header-display":"","ast-hfb-mobile-header-display":"","site-post-title":"disabled","ast-breadcrumbs-content":"","ast-featured-img":"disabled","footer-sml-layout":"","theme-transparent-header-meta":"","adv-header-id-meta":"","stick-header-meta":"","header-above-stick-meta":"","header-main-stick-meta":"","header-below-stick-meta":"","astra-migrate-meta-layouts":"default","ast-page-background-enabled":"default","ast-page-background-meta":{"desktop":{"background-color":"var(--ast-global-color-4)","background-image":"","background-repeat":"repeat","background-position":"center center","background-size":"auto","background-attachment":"scroll","background-type":"","background-media":"","overlay-type":"","overlay-color":"","overlay-opacity":"","overlay-gradient":""},"tablet":{"background-color":"","background-image":"","background-repeat":"repeat","background-position":"center center","background-size":"auto","background-attachment":"scroll","background-type":"","background-media":"","overlay-type":"","overlay-color":"","overlay-opacity":"","overlay-gradient":""},"mobile":{"background-color":"","background-image":"","background-repeat":"repeat","background-position":"center center","background-size":"auto","background-attachment":"scroll","background-type":"","background-media":"","overlay-type":"","overlay-color":"","overlay-opacity":"","overlay-gradient":""}},"ast-content-background-meta":{"desktop":{"background-color":"var(--ast-global-color-5)","background-image":"","background-repeat":"repeat","background-position":"center center","background-size":"auto","background-attachment":"scroll","background-type":"","background-media":"","overlay-type":"","overlay-color":"","overlay-opacity":"","overlay-gradient":""},"tablet":{"background-color":"var(--ast-global-color-5)","background-image":"","background-repeat":"repeat","background-position":"center center","background-size":"auto","background-attachment":"scroll","background-type":"","background-media":"","overlay-type":"","overlay-color":"","overlay-opacity":"","overlay-gradient":""},"mobile":{"background-color":"var(--ast-global-color-5)","background-image":"","background-repeat":"repeat","background-position":"center center","background-size":"auto","background-attachment":"scroll","background-type":"","background-media":"","overlay-type":"","overlay-color":"","overlay-opacity":"","overlay-gradient":""}},"footnotes":""},"class_list":["post-508","page","type-page","status-publish","hentry"],"_links":{"self":[{"href":"https:\/\/docnet24.com\/ro\/wp-json\/wp\/v2\/pages\/508","targetHints":{"allow":["GET"]}}],"collection":[{"href":"https:\/\/docnet24.com\/ro\/wp-json\/wp\/v2\/pages"}],"about":[{"href":"https:\/\/docnet24.com\/ro\/wp-json\/wp\/v2\/types\/page"}],"author":[{"embeddable":true,"href":"https:\/\/docnet24.com\/ro\/wp-json\/wp\/v2\/users\/1"}],"replies":[{"embeddable":true,"href":"https:\/\/docnet24.com\/ro\/wp-json\/wp\/v2\/comments?post=508"}],"version-history":[{"count":34,"href":"https:\/\/docnet24.com\/ro\/wp-json\/wp\/v2\/pages\/508\/revisions"}],"predecessor-version":[{"id":566,"href":"https:\/\/docnet24.com\/ro\/wp-json\/wp\/v2\/pages\/508\/revisions\/566"}],"wp:attachment":[{"href":"https:\/\/docnet24.com\/ro\/wp-json\/wp\/v2\/media?parent=508"}],"curies":[{"name":"wp","href":"https:\/\/api.w.org\/{rel}","templated":true}]}}